{"id":156228,"date":"2025-04-10T11:35:00","date_gmt":"2025-04-10T08:35:00","guid":{"rendered":"https:\/\/4room.lv\/?post_type=product&#038;p=156228"},"modified":"2025-04-10T11:35:00","modified_gmt":"2025-04-10T08:35:00","slug":"olvi-ceiling-luminaire","status":"publish","type":"product","link":"https:\/\/4room.lv\/ru\/veikals\/apgaismojums\/dekorativais\/olvi-ceiling-luminaire\/","title":{"rendered":"Olvi ceiling luminaire"},"content":{"rendered":"","protected":false},"excerpt":{"rendered":"<p>Elegants stikla gaismeklis kur iek\u0161\u0113jais kupols ir mat\u0113t\u0101 balt\u0101 stikl\u0101, ko ieskauj caursp\u012bd\u012bga stikla mali\u0146a. Griestu b\u0101ze ir hroma. Gaismeklis ir mitrumnotur\u012bgs un b\u016bs piem\u0113rots vannasistab\u0101m.<\/p>\n<p>Gaismeklim ir augstv\u0113rt\u012bgs Led, ar labu gaismu, lielisku kr\u0101sas atbilst\u012bbas indeksu un ilgu kalpo\u0161anas laiku. V\u0101cu ra\u017eot\u0101js \u013coti r\u016bp\u0113j\u0101s par to, lai gaismek\u013ciem ko vi\u0146i pied\u0101v\u0101 ir augstv\u0113r\u012bg\u0101kie materi\u0101li, kas nodro\u0161ina izcilu kvalit\u0101ti.<\/p>\n<p>&nbsp;<\/p>\n","protected":false},"featured_media":156235,"template":"","meta":[],"product_cat":[127,148,147],"product_tag":[],"class_list":{"0":"post-156228","1":"product","2":"type-product","3":"status-publish","4":"has-post-thumbnail","6":"product_brand-helestra","7":"product_cat-apgaismojums","8":"product_cat-arhitekturalais","9":"product_cat-dekorativais","11":"first","12":"instock","13":"shipping-taxable","14":"purchasable","15":"product-type-simple","16":"hongo-alternate-image-wrap"},"_links":{"self":[{"href":"https:\/\/4room.lv\/ru\/wp-json\/wp\/v2\/product\/156228","targetHints":{"allow":["GET"]}}],"collection":[{"href":"https:\/\/4room.lv\/ru\/wp-json\/wp\/v2\/product"}],"about":[{"href":"https:\/\/4room.lv\/ru\/wp-json\/wp\/v2\/types\/product"}],"wp:featuredmedia":[{"embeddable":true,"href":"https:\/\/4room.lv\/ru\/wp-json\/wp\/v2\/media\/156235"}],"wp:attachment":[{"href":"https:\/\/4room.lv\/ru\/wp-json\/wp\/v2\/media?parent=156228"}],"wp:term":[{"taxonomy":"product_cat","embeddable":true,"href":"https:\/\/4room.lv\/ru\/wp-json\/wp\/v2\/product_cat?post=156228"},{"taxonomy":"product_tag","embeddable":true,"href":"https:\/\/4room.lv\/ru\/wp-json\/wp\/v2\/product_tag?post=156228"}],"curies":[{"name":"wp","href":"https:\/\/api.w.org\/{rel}","templated":true}]}}