{"id":156295,"date":"2025-04-11T11:33:23","date_gmt":"2025-04-11T08:33:23","guid":{"rendered":"https:\/\/4room.lv\/?post_type=product&#038;p=156295"},"modified":"2025-04-11T11:33:23","modified_gmt":"2025-04-11T08:33:23","slug":"ceiling-luminaire-onda-3000k-1x12w-120","status":"publish","type":"product","link":"https:\/\/4room.lv\/ru\/veikals\/apgaismojums\/arhitekturalais\/ceiling-luminaire-onda-3000k-1x12w-120\/","title":{"rendered":"Ceiling luminaire Onda 3000K 1x12W 120\u00b0"},"content":{"rendered":"","protected":false},"excerpt":{"rendered":"<p>Virz\u0101ms griestu gaismeklis ar klied\u0113tu gaismu. Var litk gan kl\u0101 griestu, gan sienas gaismu.<\/p>\n","protected":false},"featured_media":156302,"template":"","meta":[],"product_cat":[127,148],"product_tag":[],"class_list":{"0":"post-156295","1":"product","2":"type-product","3":"status-publish","4":"has-post-thumbnail","6":"product_brand-maytoni","7":"product_cat-apgaismojums","8":"product_cat-arhitekturalais","10":"first","11":"instock","12":"shipping-taxable","13":"purchasable","14":"product-type-simple","15":"hongo-alternate-image-wrap"},"_links":{"self":[{"href":"https:\/\/4room.lv\/ru\/wp-json\/wp\/v2\/product\/156295","targetHints":{"allow":["GET"]}}],"collection":[{"href":"https:\/\/4room.lv\/ru\/wp-json\/wp\/v2\/product"}],"about":[{"href":"https:\/\/4room.lv\/ru\/wp-json\/wp\/v2\/types\/product"}],"wp:featuredmedia":[{"embeddable":true,"href":"https:\/\/4room.lv\/ru\/wp-json\/wp\/v2\/media\/156302"}],"wp:attachment":[{"href":"https:\/\/4room.lv\/ru\/wp-json\/wp\/v2\/media?parent=156295"}],"wp:term":[{"taxonomy":"product_cat","embeddable":true,"href":"https:\/\/4room.lv\/ru\/wp-json\/wp\/v2\/product_cat?post=156295"},{"taxonomy":"product_tag","embeddable":true,"href":"https:\/\/4room.lv\/ru\/wp-json\/wp\/v2\/product_tag?post=156295"}],"curies":[{"name":"wp","href":"https:\/\/api.w.org\/{rel}","templated":true}]}}