{"id":156311,"date":"2025-04-11T12:08:44","date_gmt":"2025-04-11T09:08:44","guid":{"rendered":"https:\/\/4room.lv\/?post_type=product&#038;p=156311"},"modified":"2025-12-28T19:18:59","modified_gmt":"2025-12-28T17:18:59","slug":"carpet-sunset-yellow-160x230","status":"publish","type":"product","link":"https:\/\/4room.lv\/ru\/veikals\/interjeram\/paklaji\/carpet-sunset-yellow-160x230\/","title":{"rendered":"Carpet Sunset Yellow 160&#215;230"},"content":{"rendered":"","protected":false},"excerpt":{"rendered":"<p>Ar maig\u0101m nokr\u0101s\u0101m, kas atg\u0101dina saulrietu, \u0161is satrieco\u0161ais pakl\u0101js pie\u0161\u0137irs j\u016bsu m\u0101j\u0101m kr\u0101su un siltumu. Izveidojiet m\u0101j\u012bgu atmosf\u0113ru un ienesiet saules siltumu jebkur\u0101 telp\u0101 ar \u0161o kr\u0101\u0161\u0146o ov\u0101lo pakl\u0101ju.<\/p>\n<p>Pakl\u0101js ir m\u012bksts uz tausti. Tas ir izgatavots no augstas kvalit\u0101tes sint\u0113tisk\u0101s dzijas, kas ir \u012bpa\u0161i m\u012bksta uz tausti un viegli kopjama.<br \/>\nPieejamas 2 kr\u0101s\u0101s.<\/p>\n","protected":false},"featured_media":156312,"template":"","meta":[],"product_cat":[130,133],"product_tag":[],"class_list":{"0":"post-156311","1":"product","2":"type-product","3":"status-publish","4":"has-post-thumbnail","6":"product_brand-dutch-bone","7":"product_brand-white-label-living","8":"product_brand-zuiver","9":"product_cat-interjeram","10":"product_cat-paklaji","12":"first","13":"instock","14":"shipping-taxable","15":"purchasable","16":"product-type-simple","17":"hongo-alternate-image-wrap"},"_links":{"self":[{"href":"https:\/\/4room.lv\/ru\/wp-json\/wp\/v2\/product\/156311","targetHints":{"allow":["GET"]}}],"collection":[{"href":"https:\/\/4room.lv\/ru\/wp-json\/wp\/v2\/product"}],"about":[{"href":"https:\/\/4room.lv\/ru\/wp-json\/wp\/v2\/types\/product"}],"wp:featuredmedia":[{"embeddable":true,"href":"https:\/\/4room.lv\/ru\/wp-json\/wp\/v2\/media\/156312"}],"wp:attachment":[{"href":"https:\/\/4room.lv\/ru\/wp-json\/wp\/v2\/media?parent=156311"}],"wp:term":[{"taxonomy":"product_cat","embeddable":true,"href":"https:\/\/4room.lv\/ru\/wp-json\/wp\/v2\/product_cat?post=156311"},{"taxonomy":"product_tag","embeddable":true,"href":"https:\/\/4room.lv\/ru\/wp-json\/wp\/v2\/product_tag?post=156311"}],"curies":[{"name":"wp","href":"https:\/\/api.w.org\/{rel}","templated":true}]}}