{"id":156344,"date":"2025-04-11T12:42:20","date_gmt":"2025-04-11T09:42:20","guid":{"rendered":"https:\/\/4room.lv\/?post_type=product&#038;p=156344"},"modified":"2025-04-11T12:42:20","modified_gmt":"2025-04-11T09:42:20","slug":"gaston-wall-light-blue","status":"publish","type":"product","link":"https:\/\/4room.lv\/ru\/veikals\/apgaismojums\/dekorativais\/gaston-wall-light-blue\/","title":{"rendered":"Gaston Wall light Blue"},"content":{"rendered":"","protected":false},"excerpt":{"rendered":"<p>Jauka skandin\u0101vu stila lampi\u0146a, kas priec\u0113 ar dz\u012bvespriec\u012bgiem to\u0146iem. Modelis ir debeszil\u0101 kr\u0101sa un tam ir neliels b\u0113rzkoka dekors. Gaismeklim nepiecie\u0161ama 1 E27 spuldze.<\/p>\n<p>Pieejams a\u0157\u012b citos to\u0146os.<\/p>\n<p>Komplekt\u0101cij\u0101 ir rozet\u0113 sprau\u017eams kabelis, ta\u010du to var ar\u012b nepievienot, ja nav nepiecie\u0161am\u012bbas.<\/p>\n","protected":false},"featured_media":156345,"template":"","meta":[],"product_cat":[127,147],"product_tag":[],"class_list":{"0":"post-156344","1":"product","2":"type-product","3":"status-publish","4":"has-post-thumbnail","6":"product_brand-nordlux","7":"product_cat-apgaismojums","8":"product_cat-dekorativais","10":"first","11":"instock","12":"shipping-taxable","13":"purchasable","14":"product-type-simple","15":"hongo-alternate-image-wrap"},"_links":{"self":[{"href":"https:\/\/4room.lv\/ru\/wp-json\/wp\/v2\/product\/156344","targetHints":{"allow":["GET"]}}],"collection":[{"href":"https:\/\/4room.lv\/ru\/wp-json\/wp\/v2\/product"}],"about":[{"href":"https:\/\/4room.lv\/ru\/wp-json\/wp\/v2\/types\/product"}],"wp:featuredmedia":[{"embeddable":true,"href":"https:\/\/4room.lv\/ru\/wp-json\/wp\/v2\/media\/156345"}],"wp:attachment":[{"href":"https:\/\/4room.lv\/ru\/wp-json\/wp\/v2\/media?parent=156344"}],"wp:term":[{"taxonomy":"product_cat","embeddable":true,"href":"https:\/\/4room.lv\/ru\/wp-json\/wp\/v2\/product_cat?post=156344"},{"taxonomy":"product_tag","embeddable":true,"href":"https:\/\/4room.lv\/ru\/wp-json\/wp\/v2\/product_tag?post=156344"}],"curies":[{"name":"wp","href":"https:\/\/api.w.org\/{rel}","templated":true}]}}