{"id":156357,"date":"2025-04-11T13:00:00","date_gmt":"2025-04-11T10:00:00","guid":{"rendered":"https:\/\/4room.lv\/?post_type=product&#038;p=156357"},"modified":"2026-03-13T11:00:32","modified_gmt":"2026-03-13T09:00:32","slug":"7w-led-wall-and-ceiling-dark-light-ip54","status":"publish","type":"product","link":"https:\/\/4room.lv\/ru\/veikals\/apgaismojums\/dekorativais\/7w-led-wall-and-ceiling-dark-light-ip54\/","title":{"rendered":"7W LED Wall and Ceiling Dark light IP54"},"content":{"rendered":"","protected":false},"excerpt":{"rendered":"<p>Virsapmetuma gaismeklis, kas dod skaistu noska\u0146as gaismeu pret sienu. Tam ir augsta mitrumnotur\u012bba un b\u016bs piem\u0113rots ar\u012b fas\u0101d\u0113m. Tumsi pel\u0113k\u0101 antrac\u012bta ton\u012b.<\/p>\n","protected":false},"featured_media":156358,"template":"","meta":[],"product_cat":[127,150,148,147],"product_tag":[],"class_list":{"0":"post-156357","1":"product","2":"type-product","3":"status-publish","4":"has-post-thumbnail","6":"product_brand-onelight","7":"product_cat-apgaismojums","8":"product_cat-ara","9":"product_cat-arhitekturalais","10":"product_cat-dekorativais","12":"first","13":"instock","14":"shipping-taxable","15":"purchasable","16":"product-type-simple"},"_links":{"self":[{"href":"https:\/\/4room.lv\/ru\/wp-json\/wp\/v2\/product\/156357","targetHints":{"allow":["GET"]}}],"collection":[{"href":"https:\/\/4room.lv\/ru\/wp-json\/wp\/v2\/product"}],"about":[{"href":"https:\/\/4room.lv\/ru\/wp-json\/wp\/v2\/types\/product"}],"wp:featuredmedia":[{"embeddable":true,"href":"https:\/\/4room.lv\/ru\/wp-json\/wp\/v2\/media\/156358"}],"wp:attachment":[{"href":"https:\/\/4room.lv\/ru\/wp-json\/wp\/v2\/media?parent=156357"}],"wp:term":[{"taxonomy":"product_cat","embeddable":true,"href":"https:\/\/4room.lv\/ru\/wp-json\/wp\/v2\/product_cat?post=156357"},{"taxonomy":"product_tag","embeddable":true,"href":"https:\/\/4room.lv\/ru\/wp-json\/wp\/v2\/product_tag?post=156357"}],"curies":[{"name":"wp","href":"https:\/\/api.w.org\/{rel}","templated":true}]}}