{"id":156374,"date":"2025-04-11T13:56:02","date_gmt":"2025-04-11T10:56:02","guid":{"rendered":"https:\/\/4room.lv\/?post_type=product&#038;p=156374"},"modified":"2025-10-17T10:51:17","modified_gmt":"2025-10-17T07:51:17","slug":"blueton-office-desk","status":"publish","type":"product","link":"https:\/\/4room.lv\/ru\/veikals\/mebeles\/galdi\/blueton-office-desk\/","title":{"rendered":"Blueton office desk"},"content":{"rendered":"","protected":false},"excerpt":{"rendered":"<p>M\u016bsdien\u012bgs rakst\u0101mgalds ar div\u0101m atvilkn\u0113m skaistam m\u0101jas darba st\u016br\u012btim.<\/p>\n","protected":false},"featured_media":156384,"template":"","meta":[],"product_cat":[127,129,142],"product_tag":[],"class_list":{"0":"post-156374","1":"product","2":"type-product","3":"status-publish","4":"has-post-thumbnail","6":"product_cat-apgaismojums","7":"product_cat-mebeles","8":"product_cat-galdi","10":"first","11":"instock","12":"sale","13":"shipping-taxable","14":"purchasable","15":"product-type-simple","16":"hongo-alternate-image-wrap"},"_links":{"self":[{"href":"https:\/\/4room.lv\/ru\/wp-json\/wp\/v2\/product\/156374","targetHints":{"allow":["GET"]}}],"collection":[{"href":"https:\/\/4room.lv\/ru\/wp-json\/wp\/v2\/product"}],"about":[{"href":"https:\/\/4room.lv\/ru\/wp-json\/wp\/v2\/types\/product"}],"wp:featuredmedia":[{"embeddable":true,"href":"https:\/\/4room.lv\/ru\/wp-json\/wp\/v2\/media\/156384"}],"wp:attachment":[{"href":"https:\/\/4room.lv\/ru\/wp-json\/wp\/v2\/media?parent=156374"}],"wp:term":[{"taxonomy":"product_cat","embeddable":true,"href":"https:\/\/4room.lv\/ru\/wp-json\/wp\/v2\/product_cat?post=156374"},{"taxonomy":"product_tag","embeddable":true,"href":"https:\/\/4room.lv\/ru\/wp-json\/wp\/v2\/product_tag?post=156374"}],"curies":[{"name":"wp","href":"https:\/\/api.w.org\/{rel}","templated":true}]}}