{"id":156423,"date":"2025-04-11T17:15:28","date_gmt":"2025-04-11T14:15:28","guid":{"rendered":"https:\/\/4room.lv\/?post_type=product&#038;p=156423"},"modified":"2025-04-11T17:15:28","modified_gmt":"2025-04-11T14:15:28","slug":"ceiling-luminaire-focus-led-3000k-1x12w-50-dim","status":"publish","type":"product","link":"https:\/\/4room.lv\/ru\/veikals\/apgaismojums\/dekorativais\/ceiling-luminaire-focus-led-3000k-1x12w-50-dim\/","title":{"rendered":"Ceiling luminaire FOCUS LED 3000K 1x12W 50\u00b0 Dim"},"content":{"rendered":"","protected":false},"excerpt":{"rendered":"<p>Dim\u0113jams virsapmetuma Led gaismeklis. Dizain\u0101 \u0161aurs un simp\u0101tisks, bet ar labu gaismas atdevi. Dim\u0113jams uz Triac.<\/p>\n<p>Pieejamas a\u0157\u012b citas versijas, par iesp\u0113j\u0101m variet sazin\u0101ties ar mums un pal\u012bdz\u0113sim piemekl\u0113t lab\u0101ko.<\/p>\n","protected":false},"featured_media":156430,"template":"","meta":[],"product_cat":[127,148,147],"product_tag":[],"class_list":{"0":"post-156423","1":"product","2":"type-product","3":"status-publish","4":"has-post-thumbnail","6":"product_brand-maytoni","7":"product_cat-apgaismojums","8":"product_cat-arhitekturalais","9":"product_cat-dekorativais","11":"first","12":"instock","13":"shipping-taxable","14":"purchasable","15":"product-type-simple","16":"hongo-alternate-image-wrap"},"_links":{"self":[{"href":"https:\/\/4room.lv\/ru\/wp-json\/wp\/v2\/product\/156423","targetHints":{"allow":["GET"]}}],"collection":[{"href":"https:\/\/4room.lv\/ru\/wp-json\/wp\/v2\/product"}],"about":[{"href":"https:\/\/4room.lv\/ru\/wp-json\/wp\/v2\/types\/product"}],"wp:featuredmedia":[{"embeddable":true,"href":"https:\/\/4room.lv\/ru\/wp-json\/wp\/v2\/media\/156430"}],"wp:attachment":[{"href":"https:\/\/4room.lv\/ru\/wp-json\/wp\/v2\/media?parent=156423"}],"wp:term":[{"taxonomy":"product_cat","embeddable":true,"href":"https:\/\/4room.lv\/ru\/wp-json\/wp\/v2\/product_cat?post=156423"},{"taxonomy":"product_tag","embeddable":true,"href":"https:\/\/4room.lv\/ru\/wp-json\/wp\/v2\/product_tag?post=156423"}],"curies":[{"name":"wp","href":"https:\/\/api.w.org\/{rel}","templated":true}]}}