{"id":156433,"date":"2025-04-11T17:21:44","date_gmt":"2025-04-11T14:21:44","guid":{"rendered":"https:\/\/4room.lv\/?post_type=product&#038;p=156433"},"modified":"2025-12-28T19:18:59","modified_gmt":"2025-12-28T17:18:59","slug":"dining-table-almira-round-oak","status":"publish","type":"product","link":"https:\/\/4room.lv\/ru\/veikals\/mebeles\/galdi\/dining-table-almira-round-oak\/","title":{"rendered":"Dining Table Almira Round Oak"},"content":{"rendered":"","protected":false},"excerpt":{"rendered":"<p>Elegants apa\u013c\u0161 \u0113damgalds ar efekt\u012bgu k\u0101ju un simp\u0101tisku virsmu. Virsma ir balta marmora rakst\u0101, mat\u0113ta un pa\u012bkama, p\u0113da ozola koka ton\u012b. Materi\u0101ls MDF.<\/p>\n","protected":false},"featured_media":156434,"template":"","meta":[],"product_cat":[129,142],"product_tag":[],"class_list":{"0":"post-156433","1":"product","2":"type-product","3":"status-publish","4":"has-post-thumbnail","6":"product_brand-dutch-bone","7":"product_brand-white-label-living","8":"product_brand-zuiver","9":"product_cat-mebeles","10":"product_cat-galdi","12":"first","13":"instock","14":"shipping-taxable","15":"purchasable","16":"product-type-simple","17":"hongo-alternate-image-wrap"},"_links":{"self":[{"href":"https:\/\/4room.lv\/ru\/wp-json\/wp\/v2\/product\/156433","targetHints":{"allow":["GET"]}}],"collection":[{"href":"https:\/\/4room.lv\/ru\/wp-json\/wp\/v2\/product"}],"about":[{"href":"https:\/\/4room.lv\/ru\/wp-json\/wp\/v2\/types\/product"}],"wp:featuredmedia":[{"embeddable":true,"href":"https:\/\/4room.lv\/ru\/wp-json\/wp\/v2\/media\/156434"}],"wp:attachment":[{"href":"https:\/\/4room.lv\/ru\/wp-json\/wp\/v2\/media?parent=156433"}],"wp:term":[{"taxonomy":"product_cat","embeddable":true,"href":"https:\/\/4room.lv\/ru\/wp-json\/wp\/v2\/product_cat?post=156433"},{"taxonomy":"product_tag","embeddable":true,"href":"https:\/\/4room.lv\/ru\/wp-json\/wp\/v2\/product_tag?post=156433"}],"curies":[{"name":"wp","href":"https:\/\/api.w.org\/{rel}","templated":true}]}}