{"id":156486,"date":"2025-04-14T16:28:25","date_gmt":"2025-04-14T13:28:25","guid":{"rendered":"https:\/\/4room.lv\/?post_type=product&#038;p=156486"},"modified":"2025-12-28T19:18:59","modified_gmt":"2025-12-28T17:18:59","slug":"sofa-hackman-3-seater-velours-beige","status":"publish","type":"product","link":"https:\/\/4room.lv\/ru\/veikals\/mebeles\/divani\/sofa-hackman-3-seater-velours-beige\/","title":{"rendered":"Sofa Hackman 3-Seater Velours Beige"},"content":{"rendered":"","protected":false},"excerpt":{"rendered":"<p>M\u016bsdien\u012bgs un \u0113rts d\u012bv\u0101ns b\u0113\u0161\u0101 vel\u016br\u0101. Tam ir koka k\u0101ji\u0146as, kas nav uzkr\u012bto\u0161as, bet ir pa\u012bkams akcents modelim. Maigais vel\u016bra audums b\u016bs pat\u012bkams un m\u0101j\u012bgs, draudz\u012bgs m\u0101jdz\u012bvniekiem.<\/p>\n<p>D\u012bv\u0101ns piejams ar\u012b citos izm\u0113ros un to\u0146os, k\u0101 a\u0157\u012b \u0101d\u0101. Ja neatrodiet lap\u0101, dro\u0161i vaic\u0101jiet mums.<\/p>\n","protected":false},"featured_media":156490,"template":"","meta":[],"product_cat":[129,145],"product_tag":[],"class_list":{"0":"post-156486","1":"product","2":"type-product","3":"status-publish","4":"has-post-thumbnail","6":"product_brand-dutch-bone","7":"product_brand-white-label-living","8":"product_brand-zuiver","9":"product_cat-mebeles","10":"product_cat-divani","12":"first","13":"instock","14":"shipping-taxable","15":"purchasable","16":"product-type-simple","17":"hongo-alternate-image-wrap"},"_links":{"self":[{"href":"https:\/\/4room.lv\/ru\/wp-json\/wp\/v2\/product\/156486","targetHints":{"allow":["GET"]}}],"collection":[{"href":"https:\/\/4room.lv\/ru\/wp-json\/wp\/v2\/product"}],"about":[{"href":"https:\/\/4room.lv\/ru\/wp-json\/wp\/v2\/types\/product"}],"wp:featuredmedia":[{"embeddable":true,"href":"https:\/\/4room.lv\/ru\/wp-json\/wp\/v2\/media\/156490"}],"wp:attachment":[{"href":"https:\/\/4room.lv\/ru\/wp-json\/wp\/v2\/media?parent=156486"}],"wp:term":[{"taxonomy":"product_cat","embeddable":true,"href":"https:\/\/4room.lv\/ru\/wp-json\/wp\/v2\/product_cat?post=156486"},{"taxonomy":"product_tag","embeddable":true,"href":"https:\/\/4room.lv\/ru\/wp-json\/wp\/v2\/product_tag?post=156486"}],"curies":[{"name":"wp","href":"https:\/\/api.w.org\/{rel}","templated":true}]}}