{"id":156512,"date":"2025-04-16T10:22:59","date_gmt":"2025-04-16T07:22:59","guid":{"rendered":"https:\/\/4room.lv\/?post_type=product&#038;p=156512"},"modified":"2026-03-13T11:02:18","modified_gmt":"2026-03-13T09:02:18","slug":"sponge-to-go-battery-light-white","status":"publish","type":"product","link":"https:\/\/4room.lv\/ru\/veikals\/apgaismojums\/ara\/sponge-to-go-battery-light-white\/","title":{"rendered":"Sponge To Go Battery light White"},"content":{"rendered":"","protected":false},"excerpt":{"rendered":"<p>Mitrumiztur\u012bgs gaismeklis uz bateriju, vienk\u0101r\u0161i uzl\u0101d\u0113jams ar C tipa l\u0101d\u0113t\u0101ju un ir gatavs doties jums l\u012bdz visos j\u016bsu piedz\u012bvojumos. Gaisma no t\u0101 ir spo\u017ea, bet pat\u012bkama un m\u0101j\u012bga.<\/p>\n","protected":false},"featured_media":156513,"template":"","meta":[],"product_cat":[1058,127,150],"product_tag":[],"class_list":{"0":"post-156512","1":"product","2":"type-product","3":"status-publish","4":"has-post-thumbnail","6":"product_brand-nordlux","7":"product_cat-dizaina","8":"product_cat-apgaismojums","9":"product_cat-ara","11":"first","12":"instock","13":"shipping-taxable","14":"purchasable","15":"product-type-simple","16":"hongo-alternate-image-wrap"},"_links":{"self":[{"href":"https:\/\/4room.lv\/ru\/wp-json\/wp\/v2\/product\/156512","targetHints":{"allow":["GET"]}}],"collection":[{"href":"https:\/\/4room.lv\/ru\/wp-json\/wp\/v2\/product"}],"about":[{"href":"https:\/\/4room.lv\/ru\/wp-json\/wp\/v2\/types\/product"}],"wp:featuredmedia":[{"embeddable":true,"href":"https:\/\/4room.lv\/ru\/wp-json\/wp\/v2\/media\/156513"}],"wp:attachment":[{"href":"https:\/\/4room.lv\/ru\/wp-json\/wp\/v2\/media?parent=156512"}],"wp:term":[{"taxonomy":"product_cat","embeddable":true,"href":"https:\/\/4room.lv\/ru\/wp-json\/wp\/v2\/product_cat?post=156512"},{"taxonomy":"product_tag","embeddable":true,"href":"https:\/\/4room.lv\/ru\/wp-json\/wp\/v2\/product_tag?post=156512"}],"curies":[{"name":"wp","href":"https:\/\/api.w.org\/{rel}","templated":true}]}}