{"id":156610,"date":"2025-04-17T14:23:25","date_gmt":"2025-04-17T11:23:25","guid":{"rendered":"https:\/\/4room.lv\/?post_type=product&#038;p=156610"},"modified":"2025-12-28T19:18:59","modified_gmt":"2025-12-28T17:18:59","slug":"floor-lamp-reader-chrome","status":"publish","type":"product","link":"https:\/\/4room.lv\/ru\/veikals\/apgaismojums\/dekorativais\/floor-lamp-reader-chrome\/","title":{"rendered":"Floor Lamp Reader Chrome"},"content":{"rendered":"","protected":false},"excerpt":{"rendered":"<p>Praktiskais Reader modelis tagad ar\u012b aktualaj\u0101 hroma ton\u012b. T\u0101 b\u016bs izcila las\u0101mlampa, darba lampa vai vienk\u0101rsi aksesu\u0101rs interjeram. T\u0101 ir \u0113rti lok\u0101ma un groz\u0101ma, lai piel\u0101gotos j\u016bsu v\u0113lm\u0113m. Gaismeklim nepeicie\u0161ama E27 spuldze, l\u012bdz ar to var\u0113siet pan\u0101kt v\u0113lamo spo\u017eumu un toni, padarot to \u012bpasi piem\u0113rotu tiesi j\u016bsu vajadz\u012bbai.<\/p>\n","protected":false},"featured_media":156611,"template":"","meta":[],"product_cat":[127,147],"product_tag":[],"class_list":{"0":"post-156610","1":"product","2":"type-product","3":"status-publish","4":"has-post-thumbnail","6":"product_brand-dutch-bone","7":"product_brand-white-label-living","8":"product_brand-zuiver","9":"product_cat-apgaismojums","10":"product_cat-dekorativais","12":"first","13":"instock","14":"shipping-taxable","15":"purchasable","16":"product-type-simple","17":"hongo-alternate-image-wrap"},"_links":{"self":[{"href":"https:\/\/4room.lv\/ru\/wp-json\/wp\/v2\/product\/156610","targetHints":{"allow":["GET"]}}],"collection":[{"href":"https:\/\/4room.lv\/ru\/wp-json\/wp\/v2\/product"}],"about":[{"href":"https:\/\/4room.lv\/ru\/wp-json\/wp\/v2\/types\/product"}],"wp:featuredmedia":[{"embeddable":true,"href":"https:\/\/4room.lv\/ru\/wp-json\/wp\/v2\/media\/156611"}],"wp:attachment":[{"href":"https:\/\/4room.lv\/ru\/wp-json\/wp\/v2\/media?parent=156610"}],"wp:term":[{"taxonomy":"product_cat","embeddable":true,"href":"https:\/\/4room.lv\/ru\/wp-json\/wp\/v2\/product_cat?post=156610"},{"taxonomy":"product_tag","embeddable":true,"href":"https:\/\/4room.lv\/ru\/wp-json\/wp\/v2\/product_tag?post=156610"}],"curies":[{"name":"wp","href":"https:\/\/api.w.org\/{rel}","templated":true}]}}