{"id":156705,"date":"2025-04-21T11:40:18","date_gmt":"2025-04-21T08:40:18","guid":{"rendered":"https:\/\/4room.lv\/?post_type=product&#038;p=156705"},"modified":"2025-04-21T11:40:18","modified_gmt":"2025-04-21T08:40:18","slug":"pot-ceiling-lamp-marsala","status":"publish","type":"product","link":"https:\/\/4room.lv\/ru\/veikals\/apgaismojums\/dekorativais\/pot-ceiling-lamp-marsala\/","title":{"rendered":"Pot ceiling lamp Marsala"},"content":{"rendered":"","protected":false},"excerpt":{"rendered":"<p>Jauks griestu gaismeklis no trim dz\u012bv\u012bgos to\u0146os kr\u0101sotiem podi\u0146iem. Variet pan\u0101kt 3 gaismek\u013cu efektu, bet ar vienu izvadu.\u00a0 Gaismeklim ir nepiecie\u0161amas 5 E27 spuldzes, izv\u0113loties jaud\u012bgas spuldzes no t\u0101 var pan\u0101kt \u013coti labu apgaismojumu telpai. Gaisma b\u016bs pa\u012bkama jo katram podi\u0146am ir akrila difuzors, gas gaismu pat\u012bkami klied\u0113.<\/p>\n<p>Pieejamas ar\u012b citas mode\u013ca versijas, par t\u0101m variet jaut\u0101t mums.<\/p>\n","protected":false},"featured_media":156706,"template":"","meta":[],"product_cat":[127,147],"product_tag":[],"class_list":{"0":"post-156705","1":"product","2":"type-product","3":"status-publish","4":"has-post-thumbnail","6":"product_brand-ole","7":"product_cat-apgaismojums","8":"product_cat-dekorativais","10":"first","11":"instock","12":"sale","13":"shipping-taxable","14":"purchasable","15":"product-type-simple"},"_links":{"self":[{"href":"https:\/\/4room.lv\/ru\/wp-json\/wp\/v2\/product\/156705","targetHints":{"allow":["GET"]}}],"collection":[{"href":"https:\/\/4room.lv\/ru\/wp-json\/wp\/v2\/product"}],"about":[{"href":"https:\/\/4room.lv\/ru\/wp-json\/wp\/v2\/types\/product"}],"wp:featuredmedia":[{"embeddable":true,"href":"https:\/\/4room.lv\/ru\/wp-json\/wp\/v2\/media\/156706"}],"wp:attachment":[{"href":"https:\/\/4room.lv\/ru\/wp-json\/wp\/v2\/media?parent=156705"}],"wp:term":[{"taxonomy":"product_cat","embeddable":true,"href":"https:\/\/4room.lv\/ru\/wp-json\/wp\/v2\/product_cat?post=156705"},{"taxonomy":"product_tag","embeddable":true,"href":"https:\/\/4room.lv\/ru\/wp-json\/wp\/v2\/product_tag?post=156705"}],"curies":[{"name":"wp","href":"https:\/\/api.w.org\/{rel}","templated":true}]}}