{"id":156732,"date":"2025-04-21T13:43:58","date_gmt":"2025-04-21T10:43:58","guid":{"rendered":"https:\/\/4room.lv\/?post_type=product&#038;p=156732"},"modified":"2025-04-21T13:43:59","modified_gmt":"2025-04-21T10:43:59","slug":"led-linear-floating-light","status":"publish","type":"product","link":"https:\/\/4room.lv\/ru\/veikals\/apgaismojums\/arhitekturalais\/led-linear-floating-light\/","title":{"rendered":"LED Linear Floating Light"},"content":{"rendered":"","protected":false},"excerpt":{"rendered":"<p>Pl\u0101ns un neman\u0101ms line\u0101rs Led griestu gaismeklis ar sp\u0113c\u012bgu gaismu. Labs risinajums noliktavas, gar\u0101\u017eas vai ofisa telp\u0101m vai virtuvei.<\/p>\n<p>&nbsp;<\/p>\n","protected":false},"featured_media":156733,"template":"","meta":[],"product_cat":[127,148,149],"product_tag":[],"class_list":{"0":"post-156732","1":"product","2":"type-product","3":"status-publish","4":"has-post-thumbnail","6":"product_brand-onelight","7":"product_cat-apgaismojums","8":"product_cat-arhitekturalais","9":"product_cat-industrialais","11":"first","12":"instock","13":"sale","14":"shipping-taxable","15":"purchasable","16":"product-type-simple"},"_links":{"self":[{"href":"https:\/\/4room.lv\/ru\/wp-json\/wp\/v2\/product\/156732","targetHints":{"allow":["GET"]}}],"collection":[{"href":"https:\/\/4room.lv\/ru\/wp-json\/wp\/v2\/product"}],"about":[{"href":"https:\/\/4room.lv\/ru\/wp-json\/wp\/v2\/types\/product"}],"wp:featuredmedia":[{"embeddable":true,"href":"https:\/\/4room.lv\/ru\/wp-json\/wp\/v2\/media\/156733"}],"wp:attachment":[{"href":"https:\/\/4room.lv\/ru\/wp-json\/wp\/v2\/media?parent=156732"}],"wp:term":[{"taxonomy":"product_cat","embeddable":true,"href":"https:\/\/4room.lv\/ru\/wp-json\/wp\/v2\/product_cat?post=156732"},{"taxonomy":"product_tag","embeddable":true,"href":"https:\/\/4room.lv\/ru\/wp-json\/wp\/v2\/product_tag?post=156732"}],"curies":[{"name":"wp","href":"https:\/\/api.w.org\/{rel}","templated":true}]}}