{"id":156739,"date":"2025-04-21T13:54:35","date_gmt":"2025-04-21T10:54:35","guid":{"rendered":"https:\/\/4room.lv\/?post_type=product&#038;p=156739"},"modified":"2025-04-21T13:54:35","modified_gmt":"2025-04-21T10:54:35","slug":"christo-rectangular-dining-table","status":"publish","type":"product","link":"https:\/\/4room.lv\/ru\/veikals\/mebeles\/galdi\/christo-rectangular-dining-table\/","title":{"rendered":"Christo rectangular dining table"},"content":{"rendered":"","protected":false},"excerpt":{"rendered":"<p>M\u016bsdien\u012bgs \u0113damgalds lakot\u0101 ozola finier\u012b. T\u0101 \u012bpa\u0161\u0101 dizaina iez\u012bme ir t\u0101 k\u0101jas, kas b\u016bs skaists vizu\u0101lais akcents. galda st\u016bri ir noapa\u013coti organiskakai saj\u016btai. Pie galda \u0113rti izvietosies 6 kr\u0113slu vietas.<\/p>\n<p>&nbsp;<\/p>\n","protected":false},"featured_media":156753,"template":"","meta":[],"product_cat":[129,142],"product_tag":[],"class_list":{"0":"post-156739","1":"product","2":"type-product","3":"status-publish","4":"has-post-thumbnail","6":"product_cat-mebeles","7":"product_cat-galdi","9":"first","10":"instock","11":"shipping-taxable","12":"purchasable","13":"product-type-simple","14":"hongo-alternate-image-wrap"},"_links":{"self":[{"href":"https:\/\/4room.lv\/ru\/wp-json\/wp\/v2\/product\/156739","targetHints":{"allow":["GET"]}}],"collection":[{"href":"https:\/\/4room.lv\/ru\/wp-json\/wp\/v2\/product"}],"about":[{"href":"https:\/\/4room.lv\/ru\/wp-json\/wp\/v2\/types\/product"}],"wp:featuredmedia":[{"embeddable":true,"href":"https:\/\/4room.lv\/ru\/wp-json\/wp\/v2\/media\/156753"}],"wp:attachment":[{"href":"https:\/\/4room.lv\/ru\/wp-json\/wp\/v2\/media?parent=156739"}],"wp:term":[{"taxonomy":"product_cat","embeddable":true,"href":"https:\/\/4room.lv\/ru\/wp-json\/wp\/v2\/product_cat?post=156739"},{"taxonomy":"product_tag","embeddable":true,"href":"https:\/\/4room.lv\/ru\/wp-json\/wp\/v2\/product_tag?post=156739"}],"curies":[{"name":"wp","href":"https:\/\/api.w.org\/{rel}","templated":true}]}}