{"id":156886,"date":"2025-04-24T15:00:13","date_gmt":"2025-04-24T12:00:13","guid":{"rendered":"https:\/\/4room.lv\/?post_type=product&#038;p=156886"},"modified":"2026-03-13T11:02:04","modified_gmt":"2026-03-13T09:02:04","slug":"bird-lamp-black-playing-outdoor","status":"publish","type":"product","link":"https:\/\/4room.lv\/ru\/veikals\/apgaismojums\/dekorativais\/bird-lamp-black-playing-outdoor\/","title":{"rendered":"Bird Lamp Black Playing OUTDOOR"},"content":{"rendered":"","protected":false},"excerpt":{"rendered":"<p>Unik\u0101l\u0101 Marcantonio rad\u012bt\u0101 galda lampa krauk\u013ca t\u0113l\u0101 b\u016bs interesents dizaina priek\u0161mets interjer\u0101. Konkr\u0113ta versija lietojama gan iek\u0161telp\u0101s, gan \u0101r\u0101. L\u012bdz ar to t\u0101 var b\u016bt rota\u013c\u012bgs akcents ar\u012b vannasistab\u0101 vai teras\u0113. Gaismeklim komplket\u0101cij\u0101 nav spuuldz\u012bte ar siltu gaismu. K\u0101 ar\u012b adapteri da\u017e\u0101du roze\u0161u veidiem.<\/p>\n","protected":false},"featured_media":156887,"template":"","meta":[],"product_cat":[1058,127,150,147],"product_tag":[],"class_list":{"0":"post-156886","1":"product","2":"type-product","3":"status-publish","4":"has-post-thumbnail","6":"product_brand-saletti","7":"product_cat-dizaina","8":"product_cat-apgaismojums","9":"product_cat-ara","10":"product_cat-dekorativais","12":"first","13":"instock","14":"shipping-taxable","15":"purchasable","16":"product-type-simple","17":"hongo-alternate-image-wrap"},"_links":{"self":[{"href":"https:\/\/4room.lv\/ru\/wp-json\/wp\/v2\/product\/156886","targetHints":{"allow":["GET"]}}],"collection":[{"href":"https:\/\/4room.lv\/ru\/wp-json\/wp\/v2\/product"}],"about":[{"href":"https:\/\/4room.lv\/ru\/wp-json\/wp\/v2\/types\/product"}],"wp:featuredmedia":[{"embeddable":true,"href":"https:\/\/4room.lv\/ru\/wp-json\/wp\/v2\/media\/156887"}],"wp:attachment":[{"href":"https:\/\/4room.lv\/ru\/wp-json\/wp\/v2\/media?parent=156886"}],"wp:term":[{"taxonomy":"product_cat","embeddable":true,"href":"https:\/\/4room.lv\/ru\/wp-json\/wp\/v2\/product_cat?post=156886"},{"taxonomy":"product_tag","embeddable":true,"href":"https:\/\/4room.lv\/ru\/wp-json\/wp\/v2\/product_tag?post=156886"}],"curies":[{"name":"wp","href":"https:\/\/api.w.org\/{rel}","templated":true}]}}