{"id":156896,"date":"2025-04-24T15:11:59","date_gmt":"2025-04-24T12:11:59","guid":{"rendered":"https:\/\/4room.lv\/?post_type=product&#038;p=156896"},"modified":"2025-04-24T15:12:00","modified_gmt":"2025-04-24T12:12:00","slug":"jokey-3-light","status":"publish","type":"product","link":"https:\/\/4room.lv\/ru\/veikals\/apgaismojums\/dekorativais\/jokey-3-light\/","title":{"rendered":"Jokey 3 Light"},"content":{"rendered":"","protected":false},"excerpt":{"rendered":"<p>Efekt\u012bga dizaina gaismeklis no rievota stikla. Gaismeklim ir 3 daz\u0101\u017eu kr\u0101su stikla pendanti, katrs 30cm diametr\u0101, ar jaud\u012bgu led pa perimetru. Riezotais stikls skaisti izgaismojas un aiztur gaismu, lai gaisma b\u016btu maiga un pat\u012bkama acij. Gaismek\u013ca b\u0101ze ir mat\u0113t\u0101 \u0161ampanie\u0161a zelta ton\u012b. Gaismeklis viennoz\u012bm\u012bgi izcelsies ar savu dekorat\u012bvo dizainu jebkur\u0101 telp\u0101.<\/p>\n","protected":false},"featured_media":156903,"template":"","meta":[],"product_cat":[127,147],"product_tag":[],"class_list":{"0":"post-156896","1":"product","2":"type-product","3":"status-publish","4":"has-post-thumbnail","6":"product_brand-ondaluce","7":"product_cat-apgaismojums","8":"product_cat-dekorativais","10":"first","11":"instock","12":"sale","13":"shipping-taxable","14":"purchasable","15":"product-type-simple","16":"hongo-alternate-image-wrap"},"_links":{"self":[{"href":"https:\/\/4room.lv\/ru\/wp-json\/wp\/v2\/product\/156896","targetHints":{"allow":["GET"]}}],"collection":[{"href":"https:\/\/4room.lv\/ru\/wp-json\/wp\/v2\/product"}],"about":[{"href":"https:\/\/4room.lv\/ru\/wp-json\/wp\/v2\/types\/product"}],"wp:featuredmedia":[{"embeddable":true,"href":"https:\/\/4room.lv\/ru\/wp-json\/wp\/v2\/media\/156903"}],"wp:attachment":[{"href":"https:\/\/4room.lv\/ru\/wp-json\/wp\/v2\/media?parent=156896"}],"wp:term":[{"taxonomy":"product_cat","embeddable":true,"href":"https:\/\/4room.lv\/ru\/wp-json\/wp\/v2\/product_cat?post=156896"},{"taxonomy":"product_tag","embeddable":true,"href":"https:\/\/4room.lv\/ru\/wp-json\/wp\/v2\/product_tag?post=156896"}],"curies":[{"name":"wp","href":"https:\/\/api.w.org\/{rel}","templated":true}]}}