{"id":156970,"date":"2025-04-26T15:14:45","date_gmt":"2025-04-26T12:14:45","guid":{"rendered":"https:\/\/4room.lv\/?post_type=product&#038;p=156970"},"modified":"2025-04-26T15:14:46","modified_gmt":"2025-04-26T12:14:46","slug":"grant-25","status":"publish","type":"product","link":"https:\/\/4room.lv\/ru\/veikals\/apgaismojums\/dekorativais\/grant-25\/","title":{"rendered":"Grant 25"},"content":{"rendered":"","protected":false},"excerpt":{"rendered":"<p>Klasiska v\u0113rt\u012bba, kas nezaud\u0113 savu aktualit\u0101ti &#8212; maigs balta stikla kupols ar elegant\u0101m misi\u0146a deta\u013c\u0101m. Gaismekl\u012b iet E27 spuldze, l\u012bdz ar to var v\u0113lamo apgaismojumu pan\u0101kt.<\/p>\n","protected":false},"featured_media":157054,"template":"","meta":[],"product_cat":[127,147],"product_tag":[],"class_list":{"0":"post-156970","1":"product","2":"type-product","3":"status-publish","4":"has-post-thumbnail","6":"product_brand-nordlux","7":"product_cat-apgaismojums","8":"product_cat-dekorativais","10":"first","11":"instock","12":"shipping-taxable","13":"purchasable","14":"product-type-simple","15":"hongo-alternate-image-wrap"},"_links":{"self":[{"href":"https:\/\/4room.lv\/ru\/wp-json\/wp\/v2\/product\/156970","targetHints":{"allow":["GET"]}}],"collection":[{"href":"https:\/\/4room.lv\/ru\/wp-json\/wp\/v2\/product"}],"about":[{"href":"https:\/\/4room.lv\/ru\/wp-json\/wp\/v2\/types\/product"}],"wp:featuredmedia":[{"embeddable":true,"href":"https:\/\/4room.lv\/ru\/wp-json\/wp\/v2\/media\/157054"}],"wp:attachment":[{"href":"https:\/\/4room.lv\/ru\/wp-json\/wp\/v2\/media?parent=156970"}],"wp:term":[{"taxonomy":"product_cat","embeddable":true,"href":"https:\/\/4room.lv\/ru\/wp-json\/wp\/v2\/product_cat?post=156970"},{"taxonomy":"product_tag","embeddable":true,"href":"https:\/\/4room.lv\/ru\/wp-json\/wp\/v2\/product_tag?post=156970"}],"curies":[{"name":"wp","href":"https:\/\/api.w.org\/{rel}","templated":true}]}}