{"id":157069,"date":"2025-04-26T16:10:04","date_gmt":"2025-04-26T13:10:04","guid":{"rendered":"https:\/\/4room.lv\/?post_type=product&#038;p=157069"},"modified":"2025-04-26T16:10:04","modified_gmt":"2025-04-26T13:10:04","slug":"dovina-60x80-mirror","status":"publish","type":"product","link":"https:\/\/4room.lv\/ru\/veikals\/interjeram\/spoguli\/dovina-60x80-mirror\/","title":{"rendered":"Dovina 60&#215;80 mirror"},"content":{"rendered":"","protected":false},"excerpt":{"rendered":"<p>Taisnst\u016bra Led spogulis ar gaismu pa perimetru un iesl\u0113g\u0161anas\/izsl\u0113g\u0161anas pogu uz spogu\u013ca. Ar mitrumnotur\u012bbu.<\/p>\n","protected":false},"featured_media":157070,"template":"","meta":[],"product_cat":[127,147,130,134],"product_tag":[],"class_list":{"0":"post-157069","1":"product","2":"type-product","3":"status-publish","4":"has-post-thumbnail","6":"product_brand-nordlux","7":"product_cat-apgaismojums","8":"product_cat-dekorativais","9":"product_cat-interjeram","10":"product_cat-spoguli","12":"first","13":"instock","14":"shipping-taxable","15":"purchasable","16":"product-type-simple","17":"hongo-alternate-image-wrap"},"_links":{"self":[{"href":"https:\/\/4room.lv\/ru\/wp-json\/wp\/v2\/product\/157069","targetHints":{"allow":["GET"]}}],"collection":[{"href":"https:\/\/4room.lv\/ru\/wp-json\/wp\/v2\/product"}],"about":[{"href":"https:\/\/4room.lv\/ru\/wp-json\/wp\/v2\/types\/product"}],"wp:featuredmedia":[{"embeddable":true,"href":"https:\/\/4room.lv\/ru\/wp-json\/wp\/v2\/media\/157070"}],"wp:attachment":[{"href":"https:\/\/4room.lv\/ru\/wp-json\/wp\/v2\/media?parent=157069"}],"wp:term":[{"taxonomy":"product_cat","embeddable":true,"href":"https:\/\/4room.lv\/ru\/wp-json\/wp\/v2\/product_cat?post=157069"},{"taxonomy":"product_tag","embeddable":true,"href":"https:\/\/4room.lv\/ru\/wp-json\/wp\/v2\/product_tag?post=157069"}],"curies":[{"name":"wp","href":"https:\/\/api.w.org\/{rel}","templated":true}]}}