{"id":157132,"date":"2025-04-26T17:19:33","date_gmt":"2025-04-26T14:19:33","guid":{"rendered":"https:\/\/4room.lv\/?post_type=product&#038;p=157132"},"modified":"2025-11-13T16:14:48","modified_gmt":"2025-11-13T14:14:48","slug":"madagascar-3-amber","status":"publish","type":"product","link":"https:\/\/4room.lv\/ru\/veikals\/apgaismojums\/dekorativais\/madagascar-3-amber\/","title":{"rendered":"Madagascar 3 amber"},"content":{"rendered":"","protected":false},"excerpt":{"rendered":"<p>Elegantas formas stikla gaismeklis dzintara stikl\u0101, kam ir skaists rievojums. Pateicoties dzintara stiklam , gaisma b\u016bs silta un pat\u012bkama. Apak\u0161a kupolam ir atv\u0113rta, l\u012bdz ar to uz virsmu gaisma b\u016bs jaud\u012bg\u0101ka, padarot \u0161o gaismekli par labu risin\u0101jumu virs galdiem vai let\u0113m.<\/p>\n<p>Pieejams da\u017e\u0101dos to\u0146os un form\u0101s, b\u016bs labs risin\u0101jums kur ir nepiecie\u0161ami vair\u0101ki nelieli gaismek\u013ci, ko kombin\u0113t interesant\u0101s kompoz\u012bcij\u0101s. Par iesp\u0113j\u0101m variet jaut\u0101t mums.<\/p>\n<p>Nepeicie\u0161ama E14 spuldze, ko ieteiktu likt caursp\u012bd\u012bgu stikla, jo lab\u0101k sapl\u016bd\u012bs ar gaismekli.<\/p>\n","protected":false},"featured_media":157136,"template":"","meta":[],"product_cat":[127,147],"product_tag":[],"class_list":{"0":"post-157132","1":"product","2":"type-product","3":"status-publish","4":"has-post-thumbnail","6":"product_brand-ondaluce","7":"product_cat-apgaismojums","8":"product_cat-dekorativais","10":"first","11":"instock","12":"sale","13":"shipping-taxable","14":"purchasable","15":"product-type-simple","16":"hongo-alternate-image-wrap"},"_links":{"self":[{"href":"https:\/\/4room.lv\/ru\/wp-json\/wp\/v2\/product\/157132","targetHints":{"allow":["GET"]}}],"collection":[{"href":"https:\/\/4room.lv\/ru\/wp-json\/wp\/v2\/product"}],"about":[{"href":"https:\/\/4room.lv\/ru\/wp-json\/wp\/v2\/types\/product"}],"wp:featuredmedia":[{"embeddable":true,"href":"https:\/\/4room.lv\/ru\/wp-json\/wp\/v2\/media\/157136"}],"wp:attachment":[{"href":"https:\/\/4room.lv\/ru\/wp-json\/wp\/v2\/media?parent=157132"}],"wp:term":[{"taxonomy":"product_cat","embeddable":true,"href":"https:\/\/4room.lv\/ru\/wp-json\/wp\/v2\/product_cat?post=157132"},{"taxonomy":"product_tag","embeddable":true,"href":"https:\/\/4room.lv\/ru\/wp-json\/wp\/v2\/product_tag?post=157132"}],"curies":[{"name":"wp","href":"https:\/\/api.w.org\/{rel}","templated":true}]}}