{"id":157151,"date":"2025-04-26T17:40:32","date_gmt":"2025-04-26T14:40:32","guid":{"rendered":"https:\/\/4room.lv\/?post_type=product&#038;p=157151"},"modified":"2025-04-26T17:40:32","modified_gmt":"2025-04-26T14:40:32","slug":"spirit-royal-ceiling-o600mm","status":"publish","type":"product","link":"https:\/\/4room.lv\/ru\/veikals\/apgaismojums\/dekorativais\/spirit-royal-ceiling-o600mm\/","title":{"rendered":"SPIRIT ROYAL CEILING \u00f8600mm"},"content":{"rendered":"","protected":false},"excerpt":{"rendered":"<p>Efekt\u012bgs griestu gaismeklis, kas izsl\u0113gta veid\u0101 rada iespaidu ar skaisti tirk\u012bz\u0101 sat\u012bna apdari, bet iesl\u0113dzot vakar\u0101, tas p\u0101rsteigs ar burv\u012bgu gaismas sp\u0113li. Gaismekl\u012b iet 3 E27 spuldzes, l\u012bdz ar to var pan\u0101kt labu apgaismojumu sev v\u0113lam\u0101 jaud\u0101 un spektr\u0101. Isak\u0101m likt baltas stikla spuldzes, jo t\u0101 k\u0101 spuldzes no apak\u0161as ir redzamas,t\u0101s vizu\u0101li simp\u0101tisk\u0101k izskat\u012btes un gaisma b\u016bs maig\u0101ka.<\/p>\n<p>4ROOM gaismekli ir r\u016bp\u012bgs roku darbs, kur aba\u017e\u016brs ir r\u016bp\u012bgi nostr\u0101dats, lai viss ir perfekti. T\u0101 k\u0101 ra\u017eojam \u0161os gaismek\u013cus p\u0113c pas\u016bt\u012bjuma, tad var izvel\u0113ties no pla\u0161a apdaru kl\u0101sta, da\u017e\u0101dos izm\u0113ros. Par vis\u0101m iesp\u0113j\u0101m dro\u0161i sazinieties ar mums.<\/p>\n<p>&nbsp;<\/p>\n","protected":false},"featured_media":157152,"template":"","meta":[],"product_cat":[1058,127,147],"product_tag":[],"class_list":{"0":"post-157151","1":"product","2":"type-product","3":"status-publish","4":"has-post-thumbnail","6":"product_brand-4room","7":"product_cat-dizaina","8":"product_cat-apgaismojums","9":"product_cat-dekorativais","11":"first","12":"instock","13":"shipping-taxable","14":"purchasable","15":"product-type-simple","16":"hongo-alternate-image-wrap"},"_links":{"self":[{"href":"https:\/\/4room.lv\/ru\/wp-json\/wp\/v2\/product\/157151","targetHints":{"allow":["GET"]}}],"collection":[{"href":"https:\/\/4room.lv\/ru\/wp-json\/wp\/v2\/product"}],"about":[{"href":"https:\/\/4room.lv\/ru\/wp-json\/wp\/v2\/types\/product"}],"wp:featuredmedia":[{"embeddable":true,"href":"https:\/\/4room.lv\/ru\/wp-json\/wp\/v2\/media\/157152"}],"wp:attachment":[{"href":"https:\/\/4room.lv\/ru\/wp-json\/wp\/v2\/media?parent=157151"}],"wp:term":[{"taxonomy":"product_cat","embeddable":true,"href":"https:\/\/4room.lv\/ru\/wp-json\/wp\/v2\/product_cat?post=157151"},{"taxonomy":"product_tag","embeddable":true,"href":"https:\/\/4room.lv\/ru\/wp-json\/wp\/v2\/product_tag?post=157151"}],"curies":[{"name":"wp","href":"https:\/\/api.w.org\/{rel}","templated":true}]}}