{"id":157161,"date":"2025-04-26T18:10:24","date_gmt":"2025-04-26T15:10:24","guid":{"rendered":"https:\/\/4room.lv\/?post_type=product&#038;p=157161"},"modified":"2025-04-26T18:10:24","modified_gmt":"2025-04-26T15:10:24","slug":"i_oregon-barstool","status":"publish","type":"product","link":"https:\/\/4room.lv\/ru\/veikals\/mebeles\/kresli\/i_oregon-barstool\/","title":{"rendered":"I_Oregon barstool"},"content":{"rendered":"","protected":false},"excerpt":{"rendered":"<p>Stil\u012bgs b\u0101ra kr\u0113sls uz augstum\u0101 regul\u0113jamas k\u0101jas ar p\u0113du balstu. S\u0113\u017eas da\u013ca ir meln\u0101 \u0101das aizvietot\u0101j\u0101 ar akcentsuv\u0113m, kas piedod odzi\u0146u dizainam. Stabils, bet nav smags, l\u012bdz ar to b\u016bs \u0113rts leito\u0161an\u0101 ar\u012b m\u0101j\u0101s.<\/p>\n","protected":false},"featured_media":157162,"template":"","meta":[],"product_cat":[129,144],"product_tag":[],"class_list":{"0":"post-157161","1":"product","2":"type-product","3":"status-publish","4":"has-post-thumbnail","6":"product_cat-mebeles","7":"product_cat-kresli","9":"first","10":"instock","11":"shipping-taxable","12":"purchasable","13":"product-type-simple","14":"hongo-alternate-image-wrap"},"_links":{"self":[{"href":"https:\/\/4room.lv\/ru\/wp-json\/wp\/v2\/product\/157161","targetHints":{"allow":["GET"]}}],"collection":[{"href":"https:\/\/4room.lv\/ru\/wp-json\/wp\/v2\/product"}],"about":[{"href":"https:\/\/4room.lv\/ru\/wp-json\/wp\/v2\/types\/product"}],"wp:featuredmedia":[{"embeddable":true,"href":"https:\/\/4room.lv\/ru\/wp-json\/wp\/v2\/media\/157162"}],"wp:attachment":[{"href":"https:\/\/4room.lv\/ru\/wp-json\/wp\/v2\/media?parent=157161"}],"wp:term":[{"taxonomy":"product_cat","embeddable":true,"href":"https:\/\/4room.lv\/ru\/wp-json\/wp\/v2\/product_cat?post=157161"},{"taxonomy":"product_tag","embeddable":true,"href":"https:\/\/4room.lv\/ru\/wp-json\/wp\/v2\/product_tag?post=157161"}],"curies":[{"name":"wp","href":"https:\/\/api.w.org\/{rel}","templated":true}]}}