{"id":157246,"date":"2025-04-28T15:33:27","date_gmt":"2025-04-28T12:33:27","guid":{"rendered":"https:\/\/4room.lv\/?post_type=product&#038;p=157246"},"modified":"2025-04-28T15:33:27","modified_gmt":"2025-04-28T12:33:27","slug":"allure-amber","status":"publish","type":"product","link":"https:\/\/4room.lv\/ru\/veikals\/apgaismojums\/dekorativais\/allure-amber\/","title":{"rendered":"Allure amber"},"content":{"rendered":"","protected":false},"excerpt":{"rendered":"<p>Elegans un grezns stikla sienas gaismeklis ar integr\u0113tu Led. Stikls ir rievots un dzintara kr\u0101s\u0101, l\u012bdz ar to gaisma b\u016bs miaga un silta, radot jauku noska\u0146u telp\u0101.<\/p>\n","protected":false},"featured_media":157259,"template":"","meta":[],"product_cat":[127,147],"product_tag":[],"class_list":{"0":"post-157246","1":"product","2":"type-product","3":"status-publish","4":"has-post-thumbnail","6":"product_brand-maxlight","7":"product_cat-apgaismojums","8":"product_cat-dekorativais","10":"first","11":"instock","12":"shipping-taxable","13":"purchasable","14":"product-type-simple","15":"hongo-alternate-image-wrap"},"_links":{"self":[{"href":"https:\/\/4room.lv\/ru\/wp-json\/wp\/v2\/product\/157246","targetHints":{"allow":["GET"]}}],"collection":[{"href":"https:\/\/4room.lv\/ru\/wp-json\/wp\/v2\/product"}],"about":[{"href":"https:\/\/4room.lv\/ru\/wp-json\/wp\/v2\/types\/product"}],"wp:featuredmedia":[{"embeddable":true,"href":"https:\/\/4room.lv\/ru\/wp-json\/wp\/v2\/media\/157259"}],"wp:attachment":[{"href":"https:\/\/4room.lv\/ru\/wp-json\/wp\/v2\/media?parent=157246"}],"wp:term":[{"taxonomy":"product_cat","embeddable":true,"href":"https:\/\/4room.lv\/ru\/wp-json\/wp\/v2\/product_cat?post=157246"},{"taxonomy":"product_tag","embeddable":true,"href":"https:\/\/4room.lv\/ru\/wp-json\/wp\/v2\/product_tag?post=157246"}],"curies":[{"name":"wp","href":"https:\/\/api.w.org\/{rel}","templated":true}]}}