{"id":157265,"date":"2025-08-10T15:42:17","date_gmt":"2025-08-10T12:42:17","guid":{"rendered":"https:\/\/4room.lv\/?post_type=product&#038;p=157265"},"modified":"2025-12-28T19:18:57","modified_gmt":"2025-12-28T17:18:57","slug":"candle-holder-tubo-s-shiny-beige","status":"publish","type":"product","link":"https:\/\/4room.lv\/ru\/veikals\/interjeram\/svecturi\/candle-holder-tubo-s-shiny-beige\/","title":{"rendered":"Candle Holder Tubo S Shiny Beige"},"content":{"rendered":"","protected":false},"excerpt":{"rendered":"<p>Stil\u012bgs un unik\u0101ls dekors &#8212; sve\u010dturis. Glanc\u0113t\u0101 b\u0113\u0161\u0101 ton\u012b.<\/p>\n","protected":false},"featured_media":157266,"template":"","meta":[],"product_cat":[130,137],"product_tag":[],"class_list":{"0":"post-157265","1":"product","2":"type-product","3":"status-publish","4":"has-post-thumbnail","6":"product_brand-dutch-bone","7":"product_brand-white-label-living","8":"product_brand-zuiver","9":"product_cat-interjeram","10":"product_cat-svecturi","12":"first","13":"instock","14":"shipping-taxable","15":"purchasable","16":"product-type-simple","17":"hongo-alternate-image-wrap"},"_links":{"self":[{"href":"https:\/\/4room.lv\/ru\/wp-json\/wp\/v2\/product\/157265","targetHints":{"allow":["GET"]}}],"collection":[{"href":"https:\/\/4room.lv\/ru\/wp-json\/wp\/v2\/product"}],"about":[{"href":"https:\/\/4room.lv\/ru\/wp-json\/wp\/v2\/types\/product"}],"wp:featuredmedia":[{"embeddable":true,"href":"https:\/\/4room.lv\/ru\/wp-json\/wp\/v2\/media\/157266"}],"wp:attachment":[{"href":"https:\/\/4room.lv\/ru\/wp-json\/wp\/v2\/media?parent=157265"}],"wp:term":[{"taxonomy":"product_cat","embeddable":true,"href":"https:\/\/4room.lv\/ru\/wp-json\/wp\/v2\/product_cat?post=157265"},{"taxonomy":"product_tag","embeddable":true,"href":"https:\/\/4room.lv\/ru\/wp-json\/wp\/v2\/product_tag?post=157265"}],"curies":[{"name":"wp","href":"https:\/\/api.w.org\/{rel}","templated":true}]}}