{"id":157278,"date":"2025-04-28T17:02:27","date_gmt":"2025-04-28T14:02:27","guid":{"rendered":"https:\/\/4room.lv\/?post_type=product&#038;p=157278"},"modified":"2025-12-28T19:18:58","modified_gmt":"2025-12-28T17:18:58","slug":"vase-bassin-big","status":"publish","type":"product","link":"https:\/\/4room.lv\/ru\/veikals\/interjeram\/vazes\/vase-bassin-big\/","title":{"rendered":"Vase Bassin Big"},"content":{"rendered":"","protected":false},"excerpt":{"rendered":"<p>Ori\u0123in\u0101la dizaina v\u0101ze no Zuiver. T\u0101 ir divi vien\u0101, jo tai ir no\u0146emams v\u0101ks. Atstajot v\u0101ku taj\u0101 \u0113rt\u0101k var\u0113s \u0161auru augus izvietot interesanta kompoz\u012bcij\u0101, bet no\u0146emot v\u0101ku var\u0113siet to izmantot k\u0101 standarta v\u0101zi kuplakiem pus\u0137iem. \u0160is noteikti b\u016bs iespaid\u012bgs dizaina elements!<\/p>\n","protected":false},"featured_media":157282,"template":"","meta":[],"product_cat":[130,136],"product_tag":[],"class_list":{"0":"post-157278","1":"product","2":"type-product","3":"status-publish","4":"has-post-thumbnail","6":"product_brand-dutch-bone","7":"product_brand-white-label-living","8":"product_brand-zuiver","9":"product_cat-interjeram","10":"product_cat-vazes","12":"first","13":"instock","14":"shipping-taxable","15":"purchasable","16":"product-type-simple","17":"hongo-alternate-image-wrap"},"_links":{"self":[{"href":"https:\/\/4room.lv\/ru\/wp-json\/wp\/v2\/product\/157278","targetHints":{"allow":["GET"]}}],"collection":[{"href":"https:\/\/4room.lv\/ru\/wp-json\/wp\/v2\/product"}],"about":[{"href":"https:\/\/4room.lv\/ru\/wp-json\/wp\/v2\/types\/product"}],"wp:featuredmedia":[{"embeddable":true,"href":"https:\/\/4room.lv\/ru\/wp-json\/wp\/v2\/media\/157282"}],"wp:attachment":[{"href":"https:\/\/4room.lv\/ru\/wp-json\/wp\/v2\/media?parent=157278"}],"wp:term":[{"taxonomy":"product_cat","embeddable":true,"href":"https:\/\/4room.lv\/ru\/wp-json\/wp\/v2\/product_cat?post=157278"},{"taxonomy":"product_tag","embeddable":true,"href":"https:\/\/4room.lv\/ru\/wp-json\/wp\/v2\/product_tag?post=157278"}],"curies":[{"name":"wp","href":"https:\/\/api.w.org\/{rel}","templated":true}]}}