{"id":157357,"date":"2025-04-30T12:11:35","date_gmt":"2025-04-30T09:11:35","guid":{"rendered":"https:\/\/4room.lv\/?post_type=product&#038;p=157357"},"modified":"2025-04-30T12:11:35","modified_gmt":"2025-04-30T09:11:35","slug":"ip-s13-60-wall-light-whit","status":"publish","type":"product","link":"https:\/\/4room.lv\/ru\/veikals\/apgaismojums\/dekorativais\/ip-s13-60-wall-light-whit\/","title":{"rendered":"Ip S13 60 Wall light Whit"},"content":{"rendered":"","protected":false},"excerpt":{"rendered":"<p>Mitrumnotur\u012bgs line\u0101rais sienas Led gaismeklis, kas b\u016bs lieliski piem\u0113rots k\u0101 spogu\u013ca apgaismojums vannasistabai. Gaismeklim ir unikala e\u0146\u0123e, lai gaismekli var\u0113tu pagriezt horizont\u0101li vai vertik\u0101li. Gaisma b\u016bs klied\u0113ta un pat\u012bkama.<\/p>\n<p>&nbsp;<\/p>\n","protected":false},"featured_media":157361,"template":"","meta":[],"product_cat":[127,148,147],"product_tag":[],"class_list":{"0":"post-157357","1":"product","2":"type-product","3":"status-publish","4":"has-post-thumbnail","6":"product_brand-nordlux","7":"product_cat-apgaismojums","8":"product_cat-arhitekturalais","9":"product_cat-dekorativais","11":"first","12":"instock","13":"shipping-taxable","14":"purchasable","15":"product-type-simple","16":"hongo-alternate-image-wrap"},"_links":{"self":[{"href":"https:\/\/4room.lv\/ru\/wp-json\/wp\/v2\/product\/157357","targetHints":{"allow":["GET"]}}],"collection":[{"href":"https:\/\/4room.lv\/ru\/wp-json\/wp\/v2\/product"}],"about":[{"href":"https:\/\/4room.lv\/ru\/wp-json\/wp\/v2\/types\/product"}],"wp:featuredmedia":[{"embeddable":true,"href":"https:\/\/4room.lv\/ru\/wp-json\/wp\/v2\/media\/157361"}],"wp:attachment":[{"href":"https:\/\/4room.lv\/ru\/wp-json\/wp\/v2\/media?parent=157357"}],"wp:term":[{"taxonomy":"product_cat","embeddable":true,"href":"https:\/\/4room.lv\/ru\/wp-json\/wp\/v2\/product_cat?post=157357"},{"taxonomy":"product_tag","embeddable":true,"href":"https:\/\/4room.lv\/ru\/wp-json\/wp\/v2\/product_tag?post=157357"}],"curies":[{"name":"wp","href":"https:\/\/api.w.org\/{rel}","templated":true}]}}