{"id":157367,"date":"2025-04-30T12:21:24","date_gmt":"2025-04-30T09:21:24","guid":{"rendered":"https:\/\/4room.lv\/?post_type=product&#038;p=157367"},"modified":"2025-12-28T19:18:58","modified_gmt":"2025-12-28T17:18:58","slug":"table-storm-180x90-natural","status":"publish","type":"product","link":"https:\/\/4room.lv\/ru\/veikals\/mebeles\/galdi\/table-storm-180x90-natural\/","title":{"rendered":"Table Storm 180&#215;90 Natural"},"content":{"rendered":"","protected":false},"excerpt":{"rendered":"<p>Galds kur padom\u0101ts par det\u0101\u013c\u0101m. Elegantie un noapa\u013cotie st\u016bri piedod galdam savu raksturu, padarot to par m\u016bsdien\u012bgu \u0113damistabas m\u0113beli. Viegli kombin\u0113jams ar da\u017e\u0101da stila kr\u0113sliem. Dab\u012bgais o\u0161a koka tonis ir pateic\u012bgs ar to, ka ir \u013coti netr\u0101ls,viegli saska\u0146ojams ar citiem materi\u0101liem.<\/p>\n","protected":false},"featured_media":157368,"template":"","meta":[],"product_cat":[129,142],"product_tag":[],"class_list":{"0":"post-157367","1":"product","2":"type-product","3":"status-publish","4":"has-post-thumbnail","6":"product_brand-dutch-bone","7":"product_brand-white-label-living","8":"product_brand-zuiver","9":"product_cat-mebeles","10":"product_cat-galdi","12":"first","13":"instock","14":"shipping-taxable","15":"purchasable","16":"product-type-simple","17":"hongo-alternate-image-wrap"},"_links":{"self":[{"href":"https:\/\/4room.lv\/ru\/wp-json\/wp\/v2\/product\/157367","targetHints":{"allow":["GET"]}}],"collection":[{"href":"https:\/\/4room.lv\/ru\/wp-json\/wp\/v2\/product"}],"about":[{"href":"https:\/\/4room.lv\/ru\/wp-json\/wp\/v2\/types\/product"}],"wp:featuredmedia":[{"embeddable":true,"href":"https:\/\/4room.lv\/ru\/wp-json\/wp\/v2\/media\/157368"}],"wp:attachment":[{"href":"https:\/\/4room.lv\/ru\/wp-json\/wp\/v2\/media?parent=157367"}],"wp:term":[{"taxonomy":"product_cat","embeddable":true,"href":"https:\/\/4room.lv\/ru\/wp-json\/wp\/v2\/product_cat?post=157367"},{"taxonomy":"product_tag","embeddable":true,"href":"https:\/\/4room.lv\/ru\/wp-json\/wp\/v2\/product_tag?post=157367"}],"curies":[{"name":"wp","href":"https:\/\/api.w.org\/{rel}","templated":true}]}}