{"id":157416,"date":"2025-05-08T15:00:46","date_gmt":"2025-05-08T12:00:46","guid":{"rendered":"https:\/\/4room.lv\/?post_type=product&#038;p=157416"},"modified":"2025-05-08T15:03:26","modified_gmt":"2025-05-08T12:03:26","slug":"monkey-fan-black-ventilators-3f-sliedei","status":"publish","type":"product","link":"https:\/\/4room.lv\/ru\/veikals\/apgaismojums\/arhitekturalais\/monkey-fan-black-ventilators-3f-sliedei\/","title":{"rendered":"Monkey Fan black ventilators 3F sliedei"},"content":{"rendered":"","protected":false},"excerpt":{"rendered":"<p>Ventilators, kas liekams 3F slied\u0113, meln\u0101 kr\u0101s\u0101. Regul\u0113jams ar pulti. Lielisks papildin\u0101jums jau eso\u0161ajai slie\u017eu sist\u0113mai, k\u0101 ar\u012b risin\u0101jums ko apsv\u0113rt pirms sliezu lik\u0161anas. \u012apa\u0161i labs risin\u0101jums tiem, kas apsver ventilatoru, bet nev\u0113las lieki aizpild\u012bt griestus. Labs risin\u0101jums k\u0101 ofisiem, t\u0101 gu\u013camistabai, jo ir kluss ar minimalistisku dizainu.<\/p>\n<p>Vair\u0101k jaut\u0101jiet mums.<\/p>\n<p>&nbsp;<\/p>\n","protected":false},"featured_media":157417,"template":"","meta":[],"product_cat":[127,148],"product_tag":[],"class_list":{"0":"post-157416","1":"product","2":"type-product","3":"status-publish","4":"has-post-thumbnail","6":"product_brand-mantra","7":"product_cat-apgaismojums","8":"product_cat-arhitekturalais","10":"first","11":"instock","12":"sale","13":"shipping-taxable","14":"purchasable","15":"product-type-simple","16":"hongo-alternate-image-wrap"},"_links":{"self":[{"href":"https:\/\/4room.lv\/ru\/wp-json\/wp\/v2\/product\/157416","targetHints":{"allow":["GET"]}}],"collection":[{"href":"https:\/\/4room.lv\/ru\/wp-json\/wp\/v2\/product"}],"about":[{"href":"https:\/\/4room.lv\/ru\/wp-json\/wp\/v2\/types\/product"}],"wp:featuredmedia":[{"embeddable":true,"href":"https:\/\/4room.lv\/ru\/wp-json\/wp\/v2\/media\/157417"}],"wp:attachment":[{"href":"https:\/\/4room.lv\/ru\/wp-json\/wp\/v2\/media?parent=157416"}],"wp:term":[{"taxonomy":"product_cat","embeddable":true,"href":"https:\/\/4room.lv\/ru\/wp-json\/wp\/v2\/product_cat?post=157416"},{"taxonomy":"product_tag","embeddable":true,"href":"https:\/\/4room.lv\/ru\/wp-json\/wp\/v2\/product_tag?post=157416"}],"curies":[{"name":"wp","href":"https:\/\/api.w.org\/{rel}","templated":true}]}}