{"id":157584,"date":"2025-05-21T12:39:23","date_gmt":"2025-05-21T09:39:23","guid":{"rendered":"https:\/\/4room.lv\/?post_type=product&#038;p=157584"},"modified":"2025-05-21T12:39:23","modified_gmt":"2025-05-21T09:39:23","slug":"up-lift-1-5-seater","status":"publish","type":"product","link":"https:\/\/4room.lv\/ru\/veikals\/mebeles\/divani\/up-lift-1-5-seater\/","title":{"rendered":"Up-Lift 1.5 seater"},"content":{"rendered":"","protected":false},"excerpt":{"rendered":"<p>Unik\u0101ls dizains,\u00a0 izcila funkcionalit\u0101te un lieliska kvalit\u0101te. Up-Lift modelis ir izcils risin\u0101jums, kad nepeicie\u0161ams kompakts un izvelkams d\u012bv\u0101ns. Konkr\u0113tais modelis ir prie\u017eu za\u013c\u0101 audum\u0101, kas austs kop\u0101 ar br\u016bnu. Tas interesanti spelesies gaism\u0101, radot skaistu efektu.<\/p>\n<p>D\u012bvanu ra\u017eot p\u0113c pas\u016bt\u012bjuma, iespeja izveleties no pla\u0161a apdaru kl\u0101sta. Cena atkar\u012bga no auduma kategorijas. Konkr\u0113t\u0101 cena par 400 kategoriju.<\/p>\n","protected":false},"featured_media":157585,"template":"","meta":[],"product_cat":[129,145],"product_tag":[],"class_list":{"0":"post-157584","1":"product","2":"type-product","3":"status-publish","4":"has-post-thumbnail","6":"product_brand-prostoria","7":"product_cat-mebeles","8":"product_cat-divani","10":"first","11":"instock","12":"shipping-taxable","13":"purchasable","14":"product-type-simple","15":"hongo-alternate-image-wrap"},"_links":{"self":[{"href":"https:\/\/4room.lv\/ru\/wp-json\/wp\/v2\/product\/157584","targetHints":{"allow":["GET"]}}],"collection":[{"href":"https:\/\/4room.lv\/ru\/wp-json\/wp\/v2\/product"}],"about":[{"href":"https:\/\/4room.lv\/ru\/wp-json\/wp\/v2\/types\/product"}],"wp:featuredmedia":[{"embeddable":true,"href":"https:\/\/4room.lv\/ru\/wp-json\/wp\/v2\/media\/157585"}],"wp:attachment":[{"href":"https:\/\/4room.lv\/ru\/wp-json\/wp\/v2\/media?parent=157584"}],"wp:term":[{"taxonomy":"product_cat","embeddable":true,"href":"https:\/\/4room.lv\/ru\/wp-json\/wp\/v2\/product_cat?post=157584"},{"taxonomy":"product_tag","embeddable":true,"href":"https:\/\/4room.lv\/ru\/wp-json\/wp\/v2\/product_tag?post=157584"}],"curies":[{"name":"wp","href":"https:\/\/api.w.org\/{rel}","templated":true}]}}