{"id":157675,"date":"2025-05-26T10:37:04","date_gmt":"2025-05-26T07:37:04","guid":{"rendered":"https:\/\/4room.lv\/?post_type=product&#038;p=157675"},"modified":"2025-05-26T11:55:36","modified_gmt":"2025-05-26T08:55:36","slug":"vitamin-lemon-lamp","status":"publish","type":"product","link":"https:\/\/4room.lv\/ru\/veikals\/apgaismojums\/dekorativais\/vitamin-lemon-lamp\/","title":{"rendered":"Vitamin Lemon lamp"},"content":{"rendered":"","protected":false},"excerpt":{"rendered":"<p>Padari interjeru saulain\u0101ku ar sailaini dzelteno Lemon gaismekli no Seletti jaun\u0101s kolekcijas!<\/p>\n<p>\u201cVitamin\u201d ir jauns, spilgts un kr\u0101sains Marcantonio projekts sadarb\u012bb\u0101 ar Seletti.<\/p>\n<p>Kolekcij\u0101 ietilpst lampas, sve\u010dturi un sve\u010dturi, kuros d\u0101rze\u0146i un svaigi aug\u013ci atdz\u012bvojas neparast\u0101s gaismas kompoz\u012bcij\u0101s.<\/p>\n","protected":false},"featured_media":157676,"template":"","meta":[],"product_cat":[1058,127,147],"product_tag":[],"class_list":{"0":"post-157675","1":"product","2":"type-product","3":"status-publish","4":"has-post-thumbnail","6":"product_brand-saletti","7":"product_cat-dizaina","8":"product_cat-apgaismojums","9":"product_cat-dekorativais","11":"first","12":"instock","13":"shipping-taxable","14":"purchasable","15":"product-type-simple","16":"hongo-alternate-image-wrap"},"_links":{"self":[{"href":"https:\/\/4room.lv\/ru\/wp-json\/wp\/v2\/product\/157675","targetHints":{"allow":["GET"]}}],"collection":[{"href":"https:\/\/4room.lv\/ru\/wp-json\/wp\/v2\/product"}],"about":[{"href":"https:\/\/4room.lv\/ru\/wp-json\/wp\/v2\/types\/product"}],"wp:featuredmedia":[{"embeddable":true,"href":"https:\/\/4room.lv\/ru\/wp-json\/wp\/v2\/media\/157676"}],"wp:attachment":[{"href":"https:\/\/4room.lv\/ru\/wp-json\/wp\/v2\/media?parent=157675"}],"wp:term":[{"taxonomy":"product_cat","embeddable":true,"href":"https:\/\/4room.lv\/ru\/wp-json\/wp\/v2\/product_cat?post=157675"},{"taxonomy":"product_tag","embeddable":true,"href":"https:\/\/4room.lv\/ru\/wp-json\/wp\/v2\/product_tag?post=157675"}],"curies":[{"name":"wp","href":"https:\/\/api.w.org\/{rel}","templated":true}]}}