{"id":157736,"date":"2025-05-26T16:46:50","date_gmt":"2025-05-26T13:46:50","guid":{"rendered":"https:\/\/4room.lv\/?post_type=product&#038;p=157736"},"modified":"2025-05-26T16:46:50","modified_gmt":"2025-05-26T13:46:50","slug":"niseko-ii-60cm","status":"publish","type":"product","link":"https:\/\/4room.lv\/ru\/veikals\/apgaismojums\/dekorativais\/niseko-ii-60cm\/","title":{"rendered":"Niseko II 60cm"},"content":{"rendered":"","protected":false},"excerpt":{"rendered":"<p>Skaistas noapa\u013cota tr\u012bst\u016bra formas griestu gaismeklis, kas \u0113rti regul\u0113jams ar pulti. Gaismeklim var regul\u0113t spektru no silti l\u012bdz v\u0113si baltai gaismai. K\u0101 ar\u012b regul\u0113t gaismas stiprumu.<\/p>\n<p>Pieejami ar\u012b citi izm\u0113ri un to\u0146i.<\/p>\n","protected":false},"featured_media":157743,"template":"","meta":[],"product_cat":[127,147],"product_tag":[],"class_list":{"0":"post-157736","1":"product","2":"type-product","3":"status-publish","4":"has-post-thumbnail","6":"product_brand-mantra","7":"product_cat-apgaismojums","8":"product_cat-dekorativais","10":"first","11":"instock","12":"sale","13":"shipping-taxable","14":"purchasable","15":"product-type-simple","16":"hongo-alternate-image-wrap"},"_links":{"self":[{"href":"https:\/\/4room.lv\/ru\/wp-json\/wp\/v2\/product\/157736","targetHints":{"allow":["GET"]}}],"collection":[{"href":"https:\/\/4room.lv\/ru\/wp-json\/wp\/v2\/product"}],"about":[{"href":"https:\/\/4room.lv\/ru\/wp-json\/wp\/v2\/types\/product"}],"wp:featuredmedia":[{"embeddable":true,"href":"https:\/\/4room.lv\/ru\/wp-json\/wp\/v2\/media\/157743"}],"wp:attachment":[{"href":"https:\/\/4room.lv\/ru\/wp-json\/wp\/v2\/media?parent=157736"}],"wp:term":[{"taxonomy":"product_cat","embeddable":true,"href":"https:\/\/4room.lv\/ru\/wp-json\/wp\/v2\/product_cat?post=157736"},{"taxonomy":"product_tag","embeddable":true,"href":"https:\/\/4room.lv\/ru\/wp-json\/wp\/v2\/product_tag?post=157736"}],"curies":[{"name":"wp","href":"https:\/\/api.w.org\/{rel}","templated":true}]}}