{"id":157746,"date":"2025-05-26T16:59:35","date_gmt":"2025-05-26T13:59:35","guid":{"rendered":"https:\/\/4room.lv\/?post_type=product&#038;p=157746"},"modified":"2025-05-26T16:59:36","modified_gmt":"2025-05-26T13:59:36","slug":"pendant-lamp-ordo","status":"publish","type":"product","link":"https:\/\/4room.lv\/ru\/veikals\/apgaismojums\/dekorativais\/pendant-lamp-ordo\/","title":{"rendered":"Pendant lamp Ordo"},"content":{"rendered":"","protected":false},"excerpt":{"rendered":"<p>Elegants un m\u016b\u0161dien\u012bgs dekora\u012bvais gaismeklis Ordo. Tum\u0161s stikls un melns met\u0101ls apvieno m\u016bsdien\u012bgo un klasisko, skaist\u0101 dizain\u0101. Gaismeklim ir jaud\u012bgs led , l\u012bdz ar to ar\u012b labi izgaismos virsmu. B\u016bs lielisks risin\u0101jums virsmu izgaismo\u0161anai, virs galdiem\/let\u0113m. Visefekt\u012bg\u0101k izskat\u012bsies vair\u0101ki kompoz\u012bcij\u0101.<\/p>\n<p>Pieejami ar\u012b citi izm\u0113ri un to\u0146i.<\/p>\n","protected":false},"featured_media":157753,"template":"","meta":[],"product_cat":[127,147],"product_tag":[],"class_list":{"0":"post-157746","1":"product","2":"type-product","3":"status-publish","4":"has-post-thumbnail","6":"product_brand-maytoni","7":"product_cat-apgaismojums","8":"product_cat-dekorativais","10":"first","11":"instock","12":"shipping-taxable","13":"purchasable","14":"product-type-simple","15":"hongo-alternate-image-wrap"},"_links":{"self":[{"href":"https:\/\/4room.lv\/ru\/wp-json\/wp\/v2\/product\/157746","targetHints":{"allow":["GET"]}}],"collection":[{"href":"https:\/\/4room.lv\/ru\/wp-json\/wp\/v2\/product"}],"about":[{"href":"https:\/\/4room.lv\/ru\/wp-json\/wp\/v2\/types\/product"}],"wp:featuredmedia":[{"embeddable":true,"href":"https:\/\/4room.lv\/ru\/wp-json\/wp\/v2\/media\/157753"}],"wp:attachment":[{"href":"https:\/\/4room.lv\/ru\/wp-json\/wp\/v2\/media?parent=157746"}],"wp:term":[{"taxonomy":"product_cat","embeddable":true,"href":"https:\/\/4room.lv\/ru\/wp-json\/wp\/v2\/product_cat?post=157746"},{"taxonomy":"product_tag","embeddable":true,"href":"https:\/\/4room.lv\/ru\/wp-json\/wp\/v2\/product_tag?post=157746"}],"curies":[{"name":"wp","href":"https:\/\/api.w.org\/{rel}","templated":true}]}}