{"id":157775,"date":"2025-05-26T17:35:41","date_gmt":"2025-05-26T14:35:41","guid":{"rendered":"https:\/\/4room.lv\/?post_type=product&#038;p=157775"},"modified":"2025-05-26T17:37:08","modified_gmt":"2025-05-26T14:37:08","slug":"sylvie-suspension-lamp","status":"publish","type":"product","link":"https:\/\/4room.lv\/ru\/veikals\/apgaismojums\/dekorativais\/sylvie-suspension-lamp\/","title":{"rendered":"Sylvie Suspension lamp"},"content":{"rendered":"","protected":false},"excerpt":{"rendered":"<p>Unik\u0101la dizaina Led gaismeklis. Glu\u017ei k\u0101 griestos iek\u0101rts zieds! Gaismek\u013ca korpuss ir met\u0101la ri\u0146\u0137is ar akrila vol\u0101nu, kas izgaismojas to iesl\u0113dzot, radot fantastiaku efektu. L\u012bdz ar to gaismeklis ir \u013coti dekorat\u012bvs, bet ar\u012b labi izgaismo telpu.<\/p>\n<p>&nbsp;<\/p>\n","protected":false},"featured_media":157776,"template":"","meta":[],"product_cat":[127,147],"product_tag":[],"class_list":{"0":"post-157775","1":"product","2":"type-product","3":"status-publish","4":"has-post-thumbnail","6":"product_cat-apgaismojums","7":"product_cat-dekorativais","9":"first","10":"instock","11":"shipping-taxable","12":"purchasable","13":"product-type-simple","14":"hongo-alternate-image-wrap"},"_links":{"self":[{"href":"https:\/\/4room.lv\/ru\/wp-json\/wp\/v2\/product\/157775","targetHints":{"allow":["GET"]}}],"collection":[{"href":"https:\/\/4room.lv\/ru\/wp-json\/wp\/v2\/product"}],"about":[{"href":"https:\/\/4room.lv\/ru\/wp-json\/wp\/v2\/types\/product"}],"wp:featuredmedia":[{"embeddable":true,"href":"https:\/\/4room.lv\/ru\/wp-json\/wp\/v2\/media\/157776"}],"wp:attachment":[{"href":"https:\/\/4room.lv\/ru\/wp-json\/wp\/v2\/media?parent=157775"}],"wp:term":[{"taxonomy":"product_cat","embeddable":true,"href":"https:\/\/4room.lv\/ru\/wp-json\/wp\/v2\/product_cat?post=157775"},{"taxonomy":"product_tag","embeddable":true,"href":"https:\/\/4room.lv\/ru\/wp-json\/wp\/v2\/product_tag?post=157775"}],"curies":[{"name":"wp","href":"https:\/\/api.w.org\/{rel}","templated":true}]}}