{"id":157801,"date":"2025-05-27T09:45:13","date_gmt":"2025-05-27T06:45:13","guid":{"rendered":"https:\/\/4room.lv\/?post_type=product&#038;p=157801"},"modified":"2025-12-28T19:18:58","modified_gmt":"2025-12-28T17:18:58","slug":"vase-fajen-terrazzo-pink","status":"publish","type":"product","link":"https:\/\/4room.lv\/ru\/veikals\/interjeram\/vazes\/vase-fajen-terrazzo-pink\/","title":{"rendered":"Vase Fajen Terrazzo Pink"},"content":{"rendered":"","protected":false},"excerpt":{"rendered":"<p>M\u016bsdien\u012bga v\u0101ze dz\u012bvespriec\u012bgos to\u0146os terazo izpild\u012bjum\u0101. Tas ir \u012bpa\u0161s materi\u0101ls kur no smalk\u0101m marmora, kvarca, gran\u012bta d\u0101\u013cin\u0101m tiek izveidota masa, kas ir \u012bpa\u0161i notur\u012bga un unik\u0101la sav\u0101 rakst\u0101. V\u0101zes b\u0101ze ir maigi roz\u0101 ar za\u013ciem un roz\u0101 plankumiem, \u012bpa\u0161i pavasar\u012bgai noska\u0146ai.<\/p>\n","protected":false},"featured_media":157808,"template":"","meta":[],"product_cat":[130,136],"product_tag":[],"class_list":{"0":"post-157801","1":"product","2":"type-product","3":"status-publish","4":"has-post-thumbnail","6":"product_brand-dutch-bone","7":"product_brand-white-label-living","8":"product_brand-zuiver","9":"product_cat-interjeram","10":"product_cat-vazes","12":"first","13":"instock","14":"shipping-taxable","15":"purchasable","16":"product-type-simple","17":"hongo-alternate-image-wrap"},"_links":{"self":[{"href":"https:\/\/4room.lv\/ru\/wp-json\/wp\/v2\/product\/157801","targetHints":{"allow":["GET"]}}],"collection":[{"href":"https:\/\/4room.lv\/ru\/wp-json\/wp\/v2\/product"}],"about":[{"href":"https:\/\/4room.lv\/ru\/wp-json\/wp\/v2\/types\/product"}],"wp:featuredmedia":[{"embeddable":true,"href":"https:\/\/4room.lv\/ru\/wp-json\/wp\/v2\/media\/157808"}],"wp:attachment":[{"href":"https:\/\/4room.lv\/ru\/wp-json\/wp\/v2\/media?parent=157801"}],"wp:term":[{"taxonomy":"product_cat","embeddable":true,"href":"https:\/\/4room.lv\/ru\/wp-json\/wp\/v2\/product_cat?post=157801"},{"taxonomy":"product_tag","embeddable":true,"href":"https:\/\/4room.lv\/ru\/wp-json\/wp\/v2\/product_tag?post=157801"}],"curies":[{"name":"wp","href":"https:\/\/api.w.org\/{rel}","templated":true}]}}