{"id":157833,"date":"2025-05-27T10:26:45","date_gmt":"2025-05-27T07:26:45","guid":{"rendered":"https:\/\/4room.lv\/?post_type=product&#038;p=157833"},"modified":"2025-05-27T10:26:45","modified_gmt":"2025-05-27T07:26:45","slug":"spider-champagne-single","status":"publish","type":"product","link":"https:\/\/4room.lv\/ru\/veikals\/apgaismojums\/dekorativais\/spider-champagne-single\/","title":{"rendered":"Spider champagne single"},"content":{"rendered":"","protected":false},"excerpt":{"rendered":"<p>Spider s\u0113rija ir vienk\u0101r\u0161a sav\u0101 dizain\u0101, bet ar funkcionalit\u0101ti un raksturu. Tai ir skaista stikla l\u0113ca, no kuras izstaro jaud\u012bgu gaismeu, pateicoties augstv\u0113rt\u012bgam Led modulim. Gaismek\u013ca liel\u0101kais trumpis ir tas, ka to ir iesp\u0113jams regul\u0113t, novirzot gaismu sev v\u0113lamaj\u0101 virzien\u0101. L\u012bdz ar to tas ir lielisks variants, piem\u0113ram pie gultas, jo piem\u0113ram lasot gaismekli var pavirz\u012bt pret sevi, bet p\u0101r\u0113jo laiku atst\u0101t to sp\u012bdot uz leju.<\/p>\n<p>Gaismek\u013cus ir iesp\u0113jams likt pa vienam vai kombin\u0113t vair\u0101kus uz griestu b\u0101z\u0113m. Tiem ir pieejamas daz\u0101das to\u0146u un spektru versijas. ja nepiecie\u0161ama inform\u0101cija, dro\u0161i v\u0113rsieties pie mums.<\/p>\n","protected":false},"featured_media":157834,"template":"","meta":[],"product_cat":[1058,127,147],"product_tag":[],"class_list":{"0":"post-157833","1":"product","2":"type-product","3":"status-publish","4":"has-post-thumbnail","6":"product_brand-lodes","7":"product_cat-dizaina","8":"product_cat-apgaismojums","9":"product_cat-dekorativais","11":"first","12":"instock","13":"shipping-taxable","14":"purchasable","15":"product-type-simple","16":"hongo-alternate-image-wrap"},"_links":{"self":[{"href":"https:\/\/4room.lv\/ru\/wp-json\/wp\/v2\/product\/157833","targetHints":{"allow":["GET"]}}],"collection":[{"href":"https:\/\/4room.lv\/ru\/wp-json\/wp\/v2\/product"}],"about":[{"href":"https:\/\/4room.lv\/ru\/wp-json\/wp\/v2\/types\/product"}],"wp:featuredmedia":[{"embeddable":true,"href":"https:\/\/4room.lv\/ru\/wp-json\/wp\/v2\/media\/157834"}],"wp:attachment":[{"href":"https:\/\/4room.lv\/ru\/wp-json\/wp\/v2\/media?parent=157833"}],"wp:term":[{"taxonomy":"product_cat","embeddable":true,"href":"https:\/\/4room.lv\/ru\/wp-json\/wp\/v2\/product_cat?post=157833"},{"taxonomy":"product_tag","embeddable":true,"href":"https:\/\/4room.lv\/ru\/wp-json\/wp\/v2\/product_tag?post=157833"}],"curies":[{"name":"wp","href":"https:\/\/api.w.org\/{rel}","templated":true}]}}