{"id":157875,"date":"2025-05-28T10:11:11","date_gmt":"2025-05-28T07:11:11","guid":{"rendered":"https:\/\/4room.lv\/?post_type=product&#038;p=157875"},"modified":"2025-11-13T16:14:34","modified_gmt":"2025-11-13T14:14:34","slug":"ravel-12-chrome","status":"publish","type":"product","link":"https:\/\/4room.lv\/ru\/veikals\/apgaismojums\/dekorativais\/ravel-12-chrome\/","title":{"rendered":"Ravel 12 chrome"},"content":{"rendered":"","protected":false},"excerpt":{"rendered":"<p>Klasiska 12 zaru lustra caursp\u012bd\u012bg\u0101 stikl\u0101 ar hrom\u0113tu r\u0101mi un neuzb\u0101z\u012bg\u0101m krist\u0101la deta\u013c\u0101m grezn\u012bbai. T\u0101 b\u016bs viegli integr\u0113jama dazados interjeros, ar dazadam to\u0146u gamm\u0101m. Zari izvietoti da\u017e\u0101dos augstumos, pie\u0161\u0137irot gaismeklim dinamiku, padarot dizainu interesantu. Ar 12 spuldz\u0113m b\u016bs iesp\u0113ja vienm\u0113r\u012bgi izgaismot telpu. Iesak\u0101m izv\u0113l\u0113ties caursp\u012bd\u012bga stikla spuldzes, lai saska\u0146otu t\u0101s ar lustru.<\/p>\n","protected":false},"featured_media":157882,"template":"","meta":[],"product_cat":[127,147],"product_tag":[],"class_list":{"0":"post-157875","1":"product","2":"type-product","3":"status-publish","4":"has-post-thumbnail","6":"product_brand-ondaluce","7":"product_cat-apgaismojums","8":"product_cat-dekorativais","10":"first","11":"instock","12":"sale","13":"shipping-taxable","14":"purchasable","15":"product-type-simple","16":"hongo-alternate-image-wrap"},"_links":{"self":[{"href":"https:\/\/4room.lv\/ru\/wp-json\/wp\/v2\/product\/157875","targetHints":{"allow":["GET"]}}],"collection":[{"href":"https:\/\/4room.lv\/ru\/wp-json\/wp\/v2\/product"}],"about":[{"href":"https:\/\/4room.lv\/ru\/wp-json\/wp\/v2\/types\/product"}],"wp:featuredmedia":[{"embeddable":true,"href":"https:\/\/4room.lv\/ru\/wp-json\/wp\/v2\/media\/157882"}],"wp:attachment":[{"href":"https:\/\/4room.lv\/ru\/wp-json\/wp\/v2\/media?parent=157875"}],"wp:term":[{"taxonomy":"product_cat","embeddable":true,"href":"https:\/\/4room.lv\/ru\/wp-json\/wp\/v2\/product_cat?post=157875"},{"taxonomy":"product_tag","embeddable":true,"href":"https:\/\/4room.lv\/ru\/wp-json\/wp\/v2\/product_tag?post=157875"}],"curies":[{"name":"wp","href":"https:\/\/api.w.org\/{rel}","templated":true}]}}