{"id":157917,"date":"2025-05-28T15:13:43","date_gmt":"2025-05-28T12:13:43","guid":{"rendered":"https:\/\/4room.lv\/?post_type=product&#038;p=157917"},"modified":"2025-12-28T19:18:58","modified_gmt":"2025-12-28T17:18:58","slug":"pufs-sen-beige","status":"publish","type":"product","link":"https:\/\/4room.lv\/ru\/veikals\/mebeles\/kresli\/pufs-sen-beige\/","title":{"rendered":"Pufs Sen beige"},"content":{"rendered":"","protected":false},"excerpt":{"rendered":"<p>Simp\u0101tisks pufs m\u0101j\u012bgi b\u0113\u0161os to\u0146os, taustei pat\u012bkam\u0101 audum\u0101 ar dekorat\u012bvu met\u0101la deta\u013cu.<\/p>\n<p>Pieejams ar\u012b citos to\u0146os.<\/p>\n","protected":false},"featured_media":157918,"template":"","meta":[],"product_cat":[129,144],"product_tag":[],"class_list":{"0":"post-157917","1":"product","2":"type-product","3":"status-publish","4":"has-post-thumbnail","6":"product_brand-dutch-bone","7":"product_brand-white-label-living","8":"product_brand-zuiver","9":"product_cat-mebeles","10":"product_cat-kresli","12":"first","13":"instock","14":"shipping-taxable","15":"purchasable","16":"product-type-simple","17":"hongo-alternate-image-wrap"},"_links":{"self":[{"href":"https:\/\/4room.lv\/ru\/wp-json\/wp\/v2\/product\/157917","targetHints":{"allow":["GET"]}}],"collection":[{"href":"https:\/\/4room.lv\/ru\/wp-json\/wp\/v2\/product"}],"about":[{"href":"https:\/\/4room.lv\/ru\/wp-json\/wp\/v2\/types\/product"}],"wp:featuredmedia":[{"embeddable":true,"href":"https:\/\/4room.lv\/ru\/wp-json\/wp\/v2\/media\/157918"}],"wp:attachment":[{"href":"https:\/\/4room.lv\/ru\/wp-json\/wp\/v2\/media?parent=157917"}],"wp:term":[{"taxonomy":"product_cat","embeddable":true,"href":"https:\/\/4room.lv\/ru\/wp-json\/wp\/v2\/product_cat?post=157917"},{"taxonomy":"product_tag","embeddable":true,"href":"https:\/\/4room.lv\/ru\/wp-json\/wp\/v2\/product_tag?post=157917"}],"curies":[{"name":"wp","href":"https:\/\/api.w.org\/{rel}","templated":true}]}}