{"id":157936,"date":"2025-05-28T15:38:53","date_gmt":"2025-05-28T12:38:53","guid":{"rendered":"https:\/\/4room.lv\/?post_type=product&#038;p=157936"},"modified":"2025-05-28T15:38:53","modified_gmt":"2025-05-28T12:38:53","slug":"anza-wall-lamp","status":"publish","type":"product","link":"https:\/\/4room.lv\/ru\/veikals\/apgaismojums\/dekorativais\/anza-wall-lamp\/","title":{"rendered":"Anza wall lamp"},"content":{"rendered":"","protected":false},"excerpt":{"rendered":"<p>Dekorat\u012bvs sienas gaismeklis no dab\u012bga alabastera un marmora. #0cm liels alabastera disks uz kura stiprin\u0101s melna marmora deta\u013ca, kur\u0101 sl\u0113pj\u0101s led, kas skaisti izgaismo disku, radot burv\u012bgu noska\u0146as apgaismojumu.<\/p>\n<p>T\u0101 k\u0101 gaismeklis ir no dab\u012bgiem materi\u0101liem, tad v\u0113r\u0161am uzman\u012bbu, ka katram gaismeklim var b\u016bt unik\u0101ls dz\u012bslojums vai nedaudz at\u0161\u0137irties to tonis.<\/p>\n","protected":false},"featured_media":157943,"template":"","meta":[],"product_cat":[1058,127,147],"product_tag":[],"class_list":{"0":"post-157936","1":"product","2":"type-product","3":"status-publish","4":"has-post-thumbnail","6":"product_brand-aromas-del-campo","7":"product_cat-dizaina","8":"product_cat-apgaismojums","9":"product_cat-dekorativais","11":"first","12":"instock","13":"shipping-taxable","14":"purchasable","15":"product-type-simple","16":"hongo-alternate-image-wrap"},"_links":{"self":[{"href":"https:\/\/4room.lv\/ru\/wp-json\/wp\/v2\/product\/157936","targetHints":{"allow":["GET"]}}],"collection":[{"href":"https:\/\/4room.lv\/ru\/wp-json\/wp\/v2\/product"}],"about":[{"href":"https:\/\/4room.lv\/ru\/wp-json\/wp\/v2\/types\/product"}],"wp:featuredmedia":[{"embeddable":true,"href":"https:\/\/4room.lv\/ru\/wp-json\/wp\/v2\/media\/157943"}],"wp:attachment":[{"href":"https:\/\/4room.lv\/ru\/wp-json\/wp\/v2\/media?parent=157936"}],"wp:term":[{"taxonomy":"product_cat","embeddable":true,"href":"https:\/\/4room.lv\/ru\/wp-json\/wp\/v2\/product_cat?post=157936"},{"taxonomy":"product_tag","embeddable":true,"href":"https:\/\/4room.lv\/ru\/wp-json\/wp\/v2\/product_tag?post=157936"}],"curies":[{"name":"wp","href":"https:\/\/api.w.org\/{rel}","templated":true}]}}