{"id":157949,"date":"2025-05-28T17:21:17","date_gmt":"2025-05-28T14:21:17","guid":{"rendered":"https:\/\/4room.lv\/?post_type=product&#038;p=157949"},"modified":"2025-05-28T17:21:17","modified_gmt":"2025-05-28T14:21:17","slug":"samone-1-5-seater-chaiselong-%c2%b7-fabric-lido-%c2%b7-beige-w-322cm-d-154cm-h-82cm","status":"publish","type":"product","link":"https:\/\/4room.lv\/ru\/veikals\/mebeles\/divani\/samone-1-5-seater-chaiselong-%c2%b7-fabric-lido-%c2%b7-beige-w-322cm-d-154cm-h-82cm\/","title":{"rendered":"Samone 1.5 seater + Chaiselong \u00b7 Fabric Lido \u00b7 Beige W: 322cm \/ D: 154cm \/ H: 82cm"},"content":{"rendered":"","protected":false},"excerpt":{"rendered":"<p>\u0112RT un elegants. Ta var\u0113tu raksturot Samone modeli. Ar \u0101r\u0113j\u0101m \u0161uv\u0113m kas piedod raksturu. tas rada modern\u0101ku iespaidu. Pild\u012bts ar vairaku kartu put\u0101m un d\u016bnu sl\u0101ni, tas nesas\u0113d\u012bsies un b\u016bs \u012bpasi pat\u012bkams s\u0113d\u0113\u0161anai. Audums b\u0113\u0161\u0101 vel\u016br\u0101 b\u016bs laba izv\u0113le tiem, kas vel\u0101s lai d\u012bv\u0101ns piest\u0101v visam, ir maigs un pat\u012bkams, k\u0101 ar\u012b lai tas b\u016btu viegli kopjams, it \u012bpasi ja ir m\u0101jdz\u012bvnieki.<\/p>\n<p>&nbsp;<\/p>\n","protected":false},"featured_media":157956,"template":"","meta":[],"product_cat":[129,145],"product_tag":[],"class_list":{"0":"post-157949","1":"product","2":"type-product","3":"status-publish","4":"has-post-thumbnail","6":"product_brand-flexlux","7":"product_cat-mebeles","8":"product_cat-divani","10":"first","11":"instock","12":"shipping-taxable","13":"purchasable","14":"product-type-simple","15":"hongo-alternate-image-wrap"},"_links":{"self":[{"href":"https:\/\/4room.lv\/ru\/wp-json\/wp\/v2\/product\/157949","targetHints":{"allow":["GET"]}}],"collection":[{"href":"https:\/\/4room.lv\/ru\/wp-json\/wp\/v2\/product"}],"about":[{"href":"https:\/\/4room.lv\/ru\/wp-json\/wp\/v2\/types\/product"}],"wp:featuredmedia":[{"embeddable":true,"href":"https:\/\/4room.lv\/ru\/wp-json\/wp\/v2\/media\/157956"}],"wp:attachment":[{"href":"https:\/\/4room.lv\/ru\/wp-json\/wp\/v2\/media?parent=157949"}],"wp:term":[{"taxonomy":"product_cat","embeddable":true,"href":"https:\/\/4room.lv\/ru\/wp-json\/wp\/v2\/product_cat?post=157949"},{"taxonomy":"product_tag","embeddable":true,"href":"https:\/\/4room.lv\/ru\/wp-json\/wp\/v2\/product_tag?post=157949"}],"curies":[{"name":"wp","href":"https:\/\/api.w.org\/{rel}","templated":true}]}}