{"id":157982,"date":"2025-05-29T11:53:59","date_gmt":"2025-05-29T08:53:59","guid":{"rendered":"https:\/\/4room.lv\/?post_type=product&#038;p=157982"},"modified":"2025-05-29T11:55:06","modified_gmt":"2025-05-29T08:55:06","slug":"8w-dark-light-adjustable-recessed-spot","status":"publish","type":"product","link":"https:\/\/4room.lv\/ru\/veikals\/apgaismojums\/arhitekturalais\/8w-dark-light-adjustable-recessed-spot\/","title":{"rendered":"8W Dark light adjustable recessed spot"},"content":{"rendered":"","protected":false},"excerpt":{"rendered":"<p>Ieb\u016bvejams 8W dim\u0113jams Led gaismeklis ar IP54 mitrumnotur\u012bbu, l\u012bz ar to b\u016bs piem\u0113rots a\u0157\u012b mitr\u0101m telp\u0101m. Gaismeklis ir novirz\u0101ms, lai izgaismotu tiesi nepeicie\u0161am\u0101s zonas.<\/p>\n<p>&nbsp;<\/p>\n","protected":false},"featured_media":157983,"template":"","meta":[],"product_cat":[127,148,149],"product_tag":[],"class_list":{"0":"post-157982","1":"product","2":"type-product","3":"status-publish","4":"has-post-thumbnail","6":"product_brand-onelight","7":"product_cat-apgaismojums","8":"product_cat-arhitekturalais","9":"product_cat-industrialais","11":"first","12":"instock","13":"shipping-taxable","14":"purchasable","15":"product-type-simple"},"_links":{"self":[{"href":"https:\/\/4room.lv\/ru\/wp-json\/wp\/v2\/product\/157982","targetHints":{"allow":["GET"]}}],"collection":[{"href":"https:\/\/4room.lv\/ru\/wp-json\/wp\/v2\/product"}],"about":[{"href":"https:\/\/4room.lv\/ru\/wp-json\/wp\/v2\/types\/product"}],"wp:featuredmedia":[{"embeddable":true,"href":"https:\/\/4room.lv\/ru\/wp-json\/wp\/v2\/media\/157983"}],"wp:attachment":[{"href":"https:\/\/4room.lv\/ru\/wp-json\/wp\/v2\/media?parent=157982"}],"wp:term":[{"taxonomy":"product_cat","embeddable":true,"href":"https:\/\/4room.lv\/ru\/wp-json\/wp\/v2\/product_cat?post=157982"},{"taxonomy":"product_tag","embeddable":true,"href":"https:\/\/4room.lv\/ru\/wp-json\/wp\/v2\/product_tag?post=157982"}],"curies":[{"name":"wp","href":"https:\/\/api.w.org\/{rel}","templated":true}]}}