{"id":158015,"date":"2025-05-29T12:42:37","date_gmt":"2025-05-29T09:42:37","guid":{"rendered":"https:\/\/4room.lv\/?post_type=product&#038;p=158015"},"modified":"2025-05-29T12:44:42","modified_gmt":"2025-05-29T09:44:42","slug":"toio-floor-black","status":"publish","type":"product","link":"https:\/\/4room.lv\/ru\/veikals\/apgaismojums\/toio-floor-black\/","title":{"rendered":"Toio floor black"},"content":{"rendered":"","protected":false},"excerpt":{"rendered":"<p>Ikoniska Flos st\u0101vlampa lampa ko dizain\u0113jis <a href=\"https:\/\/flos.com\/en\/ro\/designers\/a-and-pg-castiglioni.html\"><span class=\"product-detail__designer-name\">Achille and Pier Giacomo Castiglioni<\/span><\/a>, 1962 gad\u0101. Lampa nodro\u0161ina netie\u0161u apgaismojumu, izgaismojot griestu plakni.\u00a0 Tai ir se\u0161st\u016brains ni\u0137el\u0113ts misi\u0146a k\u0101ts ar regul\u0113jamu augstumu un teleskopisku galvu. Uz vada atrodas dimeris, kas \u013cauj regul\u0113t gaismas spilgtumu. Lampa nodro\u0161ina netie\u0161u apgaismojumu, izgaismojot griestu plakni. Gaismeklim ir speci\u0101la jaud\u012bga 20W spuldze, kas dim\u0113jas. Ja nepiecie\u0161ams to main\u012bt, tad iesak\u0101m to pas\u016bt\u012bt no ra\u017eot\u0101ja. Gaismeklis ir unik\u0101la industri\u0101la dizaina, kas noteikti izcelsies un rad\u012bs \u012bpa\u0161u auru telp\u0101.<\/p>\n","protected":false},"featured_media":158016,"template":"","meta":[],"product_cat":[127],"product_tag":[],"class_list":{"0":"post-158015","1":"product","2":"type-product","3":"status-publish","4":"has-post-thumbnail","6":"product_brand-flos","7":"product_cat-apgaismojums","9":"first","10":"instock","11":"shipping-taxable","12":"purchasable","13":"product-type-simple","14":"hongo-alternate-image-wrap"},"_links":{"self":[{"href":"https:\/\/4room.lv\/ru\/wp-json\/wp\/v2\/product\/158015","targetHints":{"allow":["GET"]}}],"collection":[{"href":"https:\/\/4room.lv\/ru\/wp-json\/wp\/v2\/product"}],"about":[{"href":"https:\/\/4room.lv\/ru\/wp-json\/wp\/v2\/types\/product"}],"wp:featuredmedia":[{"embeddable":true,"href":"https:\/\/4room.lv\/ru\/wp-json\/wp\/v2\/media\/158016"}],"wp:attachment":[{"href":"https:\/\/4room.lv\/ru\/wp-json\/wp\/v2\/media?parent=158015"}],"wp:term":[{"taxonomy":"product_cat","embeddable":true,"href":"https:\/\/4room.lv\/ru\/wp-json\/wp\/v2\/product_cat?post=158015"},{"taxonomy":"product_tag","embeddable":true,"href":"https:\/\/4room.lv\/ru\/wp-json\/wp\/v2\/product_tag?post=158015"}],"curies":[{"name":"wp","href":"https:\/\/api.w.org\/{rel}","templated":true}]}}