{"id":158067,"date":"2025-05-29T15:53:46","date_gmt":"2025-05-29T12:53:46","guid":{"rendered":"https:\/\/4room.lv\/?post_type=product&#038;p=158067"},"modified":"2025-05-29T15:54:26","modified_gmt":"2025-05-29T12:54:26","slug":"chair-lugo","status":"publish","type":"product","link":"https:\/\/4room.lv\/ru\/veikals\/mebeles\/kresli\/chair-lugo\/","title":{"rendered":"Chair Lugo"},"content":{"rendered":"","protected":false},"excerpt":{"rendered":"<p>Drosm\u012bgs dizains un p\u0101rsteidzo\u0161s komforts. Lugo kr\u0113sls nepaliks nepaman\u012bts. T\u0101 unik\u0101lais dizains ar grafisko auduma rakstu b\u016bs moders akcents interjer\u0101. Melnbalt\u0101 to\u0146u kombin\u0101cija nekad nezaud\u0113 aktualit\u0101ti un b\u016bs viegli kombinejama ar citiem to\u0146iem. Ta\u010du tas nav tikai izskat\u012bgs dizaina priek\u0161mets, bet ar\u012b \u013coti \u0113rts atp\u016btai.<\/p>\n","protected":false},"featured_media":158068,"template":"","meta":[],"product_cat":[129,145,144],"product_tag":[],"class_list":{"0":"post-158067","1":"product","2":"type-product","3":"status-publish","4":"has-post-thumbnail","6":"product_brand-eichholtz","7":"product_cat-mebeles","8":"product_cat-divani","9":"product_cat-kresli","11":"first","12":"instock","13":"shipping-taxable","14":"purchasable","15":"product-type-simple","16":"hongo-alternate-image-wrap"},"_links":{"self":[{"href":"https:\/\/4room.lv\/ru\/wp-json\/wp\/v2\/product\/158067","targetHints":{"allow":["GET"]}}],"collection":[{"href":"https:\/\/4room.lv\/ru\/wp-json\/wp\/v2\/product"}],"about":[{"href":"https:\/\/4room.lv\/ru\/wp-json\/wp\/v2\/types\/product"}],"wp:featuredmedia":[{"embeddable":true,"href":"https:\/\/4room.lv\/ru\/wp-json\/wp\/v2\/media\/158068"}],"wp:attachment":[{"href":"https:\/\/4room.lv\/ru\/wp-json\/wp\/v2\/media?parent=158067"}],"wp:term":[{"taxonomy":"product_cat","embeddable":true,"href":"https:\/\/4room.lv\/ru\/wp-json\/wp\/v2\/product_cat?post=158067"},{"taxonomy":"product_tag","embeddable":true,"href":"https:\/\/4room.lv\/ru\/wp-json\/wp\/v2\/product_tag?post=158067"}],"curies":[{"name":"wp","href":"https:\/\/api.w.org\/{rel}","templated":true}]}}