{"id":158099,"date":"2025-05-29T16:15:34","date_gmt":"2025-05-29T13:15:34","guid":{"rendered":"https:\/\/4room.lv\/?post_type=product&#038;p=158099"},"modified":"2025-12-28T19:18:58","modified_gmt":"2025-12-28T17:18:58","slug":"carpet-checker-160x230","status":"publish","type":"product","link":"https:\/\/4room.lv\/ru\/veikals\/interjeram\/paklaji\/carpet-checker-160x230\/","title":{"rendered":"Carpet Checker 160&#215;230"},"content":{"rendered":"","protected":false},"excerpt":{"rendered":"<p>R\u016bti\u0146u raksts silt\u0101i b\u0113\u0161a un terakotas to\u0146os rada m\u016bsdien\u012bga dizaina iespaidu, bet ar retro noska\u0146u. Pakl\u0101js rada stil\u012bgu un m\u0101j\u012bgu saj\u016btu.<\/p>\n<p>Pakl\u0101js ir roku darbs, izmantojot augstas kvalit\u0101tes PET dzijas.<br \/>\nPakl\u0101js ir iztur\u012bgs pret ikdienas nodilumu, padarot to ide\u0101li piem\u0113rotu viesistab\u0101m, \u0113damistab\u0101m un pat birojiem. Piem\u0113rots siltaj\u0101m gr\u012bd\u0101m.<br \/>\nT\u012br\u012b\u0161ana un kop\u0161ana ir vienk\u0101r\u0161a, saglab\u0101jot t\u0101 svaigumu un spilgtumu gadiem ilgi.<\/p>\n","protected":false},"featured_media":158103,"template":"","meta":[],"product_cat":[130,133],"product_tag":[],"class_list":{"0":"post-158099","1":"product","2":"type-product","3":"status-publish","4":"has-post-thumbnail","6":"product_brand-dutch-bone","7":"product_brand-white-label-living","8":"product_brand-zuiver","9":"product_cat-interjeram","10":"product_cat-paklaji","12":"first","13":"instock","14":"shipping-taxable","15":"purchasable","16":"product-type-simple","17":"hongo-alternate-image-wrap"},"_links":{"self":[{"href":"https:\/\/4room.lv\/ru\/wp-json\/wp\/v2\/product\/158099","targetHints":{"allow":["GET"]}}],"collection":[{"href":"https:\/\/4room.lv\/ru\/wp-json\/wp\/v2\/product"}],"about":[{"href":"https:\/\/4room.lv\/ru\/wp-json\/wp\/v2\/types\/product"}],"wp:featuredmedia":[{"embeddable":true,"href":"https:\/\/4room.lv\/ru\/wp-json\/wp\/v2\/media\/158103"}],"wp:attachment":[{"href":"https:\/\/4room.lv\/ru\/wp-json\/wp\/v2\/media?parent=158099"}],"wp:term":[{"taxonomy":"product_cat","embeddable":true,"href":"https:\/\/4room.lv\/ru\/wp-json\/wp\/v2\/product_cat?post=158099"},{"taxonomy":"product_tag","embeddable":true,"href":"https:\/\/4room.lv\/ru\/wp-json\/wp\/v2\/product_tag?post=158099"}],"curies":[{"name":"wp","href":"https:\/\/api.w.org\/{rel}","templated":true}]}}