{"id":158112,"date":"2025-05-29T16:31:33","date_gmt":"2025-05-29T13:31:33","guid":{"rendered":"https:\/\/4room.lv\/?post_type=product&#038;p=158112"},"modified":"2026-03-13T11:01:55","modified_gmt":"2026-03-13T09:01:55","slug":"xrock-9w-dark-green-24v","status":"publish","type":"product","link":"https:\/\/4room.lv\/ru\/veikals\/apgaismojums\/ara\/xrock-9w-dark-green-24v\/","title":{"rendered":"Xrock 9W dark green 24V"},"content":{"rendered":"","protected":false},"excerpt":{"rendered":"<p>Jaud\u012bgs \u0101ra pro\u017eektors, kam ir iesp\u0113ja to stiprin\u0101t gan pie griestiem\/sien\u0101m, gan uz d\u0101rza mieti\u0146a. Gaismeklis ir simp\u0101tisk\u0101 za\u013c\u0101 ton\u012b, ar silta spektra gaismu.<\/p>\n<p>\u0160im gaismeklim ir da\u017e\u0101di aksesu\u0101ri, lai to var\u0113tu piel\u0101got j\u016bsu vajad\u017e\u012bb\u0101m. Tam ir b\u0101ze, lai tas simp\u0101tisk\u0101k izskat\u012btos ja stirpina pie sienas vai griestiem, k\u0101 ar\u012b zem\u0113 sprau\u017eami d\u0101rza \u012bsie un garie mieti\u0146i. papildus ir optikas opcijas ar daz\u0101du le\u0146\u0137u un pret\u017eilbin\u0101\u0161anas l\u0113c\u0101m.<\/p>\n<p>\u0160aj\u0101 s\u0113rij\u0101 ir pla\u0161s kl\u0101sts ar izm\u0113riem, jaud\u0101m, to\u0146iem un aksesu\u0101riem. L\u012bdz ar to variet dro\u0161i v\u0113rsties pie mums un pal\u012bdz\u0113sim sakomplekt\u0113t nepeicie\u0161amo.<\/p>\n","protected":false},"featured_media":158116,"template":"","meta":[],"product_cat":[127,150],"product_tag":[],"class_list":{"0":"post-158112","1":"product","2":"type-product","3":"status-publish","4":"has-post-thumbnail","6":"product_brand-redo","7":"product_cat-apgaismojums","8":"product_cat-ara","10":"first","11":"instock","12":"shipping-taxable","13":"purchasable","14":"product-type-simple","15":"hongo-alternate-image-wrap"},"_links":{"self":[{"href":"https:\/\/4room.lv\/ru\/wp-json\/wp\/v2\/product\/158112","targetHints":{"allow":["GET"]}}],"collection":[{"href":"https:\/\/4room.lv\/ru\/wp-json\/wp\/v2\/product"}],"about":[{"href":"https:\/\/4room.lv\/ru\/wp-json\/wp\/v2\/types\/product"}],"wp:featuredmedia":[{"embeddable":true,"href":"https:\/\/4room.lv\/ru\/wp-json\/wp\/v2\/media\/158116"}],"wp:attachment":[{"href":"https:\/\/4room.lv\/ru\/wp-json\/wp\/v2\/media?parent=158112"}],"wp:term":[{"taxonomy":"product_cat","embeddable":true,"href":"https:\/\/4room.lv\/ru\/wp-json\/wp\/v2\/product_cat?post=158112"},{"taxonomy":"product_tag","embeddable":true,"href":"https:\/\/4room.lv\/ru\/wp-json\/wp\/v2\/product_tag?post=158112"}],"curies":[{"name":"wp","href":"https:\/\/api.w.org\/{rel}","templated":true}]}}