{"id":158235,"date":"2025-05-30T15:44:08","date_gmt":"2025-05-30T12:44:08","guid":{"rendered":"https:\/\/4room.lv\/?post_type=product&#038;p=158235"},"modified":"2025-05-30T15:45:08","modified_gmt":"2025-05-30T12:45:08","slug":"sergio-griestu-lustra","status":"publish","type":"product","link":"https:\/\/4room.lv\/ru\/veikals\/apgaismojums\/dekorativais\/sergio-griestu-lustra\/","title":{"rendered":"Sergio griestu lustra"},"content":{"rendered":"","protected":false},"excerpt":{"rendered":"<p>Skaista griestu lustra, kur melna met\u0101la r\u0101m\u012b savietoti stikla stien\u012b\u0161i, kas rada elegantu dizainu. Gaismekl\u012b iet 5gab E14 spuldzes, l\u012bdz ar to var pan\u0101kt labu apgaismojumu telpai.<\/p>\n","protected":false},"featured_media":158236,"template":"","meta":[],"product_cat":[127,147],"product_tag":[],"class_list":{"0":"post-158235","1":"product","2":"type-product","3":"status-publish","4":"has-post-thumbnail","6":"product_brand-zuma","7":"product_cat-apgaismojums","8":"product_cat-dekorativais","10":"first","11":"instock","12":"sale","13":"shipping-taxable","14":"purchasable","15":"product-type-simple"},"_links":{"self":[{"href":"https:\/\/4room.lv\/ru\/wp-json\/wp\/v2\/product\/158235","targetHints":{"allow":["GET"]}}],"collection":[{"href":"https:\/\/4room.lv\/ru\/wp-json\/wp\/v2\/product"}],"about":[{"href":"https:\/\/4room.lv\/ru\/wp-json\/wp\/v2\/types\/product"}],"wp:featuredmedia":[{"embeddable":true,"href":"https:\/\/4room.lv\/ru\/wp-json\/wp\/v2\/media\/158236"}],"wp:attachment":[{"href":"https:\/\/4room.lv\/ru\/wp-json\/wp\/v2\/media?parent=158235"}],"wp:term":[{"taxonomy":"product_cat","embeddable":true,"href":"https:\/\/4room.lv\/ru\/wp-json\/wp\/v2\/product_cat?post=158235"},{"taxonomy":"product_tag","embeddable":true,"href":"https:\/\/4room.lv\/ru\/wp-json\/wp\/v2\/product_tag?post=158235"}],"curies":[{"name":"wp","href":"https:\/\/api.w.org\/{rel}","templated":true}]}}