{"id":158315,"date":"2025-06-02T11:23:37","date_gmt":"2025-06-02T08:23:37","guid":{"rendered":"https:\/\/4room.lv\/?post_type=product&#038;p=158315"},"modified":"2025-06-02T11:23:37","modified_gmt":"2025-06-02T08:23:37","slug":"40w-ugr19-surface-and-suspended-linear-led","status":"publish","type":"product","link":"https:\/\/4room.lv\/ru\/veikals\/apgaismojums\/arhitekturalais\/40w-ugr19-surface-and-suspended-linear-led\/","title":{"rendered":"40W UGR19 Surface and suspended linear LED"},"content":{"rendered":"","protected":false},"excerpt":{"rendered":"<p>Juad\u012bgs line\u0101rais Led gaismeklis ar augstu kr\u0101sau attaino\u0161anu un labu pret\u017eilbin\u0101\u0161anu, pateicoties mikrorizm\u0101tiskajam difuzoram. Gaismeklis stiprin\u0101ms pie griestiem vai var b\u016bt iek\u0101rts, ja ieg\u0101dajieties tro\u0161u stiprin\u0101jumus.<\/p>\n","protected":false},"featured_media":158316,"template":"","meta":[],"product_cat":[127,148,149],"product_tag":[],"class_list":{"0":"post-158315","1":"product","2":"type-product","3":"status-publish","4":"has-post-thumbnail","6":"product_brand-onelight","7":"product_cat-apgaismojums","8":"product_cat-arhitekturalais","9":"product_cat-industrialais","11":"first","12":"instock","13":"shipping-taxable","14":"purchasable","15":"product-type-simple"},"_links":{"self":[{"href":"https:\/\/4room.lv\/ru\/wp-json\/wp\/v2\/product\/158315","targetHints":{"allow":["GET"]}}],"collection":[{"href":"https:\/\/4room.lv\/ru\/wp-json\/wp\/v2\/product"}],"about":[{"href":"https:\/\/4room.lv\/ru\/wp-json\/wp\/v2\/types\/product"}],"wp:featuredmedia":[{"embeddable":true,"href":"https:\/\/4room.lv\/ru\/wp-json\/wp\/v2\/media\/158316"}],"wp:attachment":[{"href":"https:\/\/4room.lv\/ru\/wp-json\/wp\/v2\/media?parent=158315"}],"wp:term":[{"taxonomy":"product_cat","embeddable":true,"href":"https:\/\/4room.lv\/ru\/wp-json\/wp\/v2\/product_cat?post=158315"},{"taxonomy":"product_tag","embeddable":true,"href":"https:\/\/4room.lv\/ru\/wp-json\/wp\/v2\/product_tag?post=158315"}],"curies":[{"name":"wp","href":"https:\/\/api.w.org\/{rel}","templated":true}]}}