{"id":158325,"date":"2025-06-02T12:18:54","date_gmt":"2025-06-02T09:18:54","guid":{"rendered":"https:\/\/4room.lv\/?post_type=product&#038;p=158325"},"modified":"2025-06-02T12:20:27","modified_gmt":"2025-06-02T09:20:27","slug":"sfoglia-writing-desk","status":"publish","type":"product","link":"https:\/\/4room.lv\/ru\/veikals\/mebeles\/galdi\/sfoglia-writing-desk\/","title":{"rendered":"SFOGLIA WRITING DESK burnished bronze"},"content":{"rendered":"","protected":false},"excerpt":{"rendered":"<p>Moderns plaukts un rakst\u0101mgalds no met\u0101la pl\u0101ksnes, kas ir ieloc\u012bta k\u0101 pap\u012bra lapa. Minim\u0101lsistisks bet funkcion\u0101ls dizains, kas ietaup\u012bs vietu un b\u016bs skaists dizaina objekts. Pieejams divos broznas to\u0146os, tum\u0161a un gaisa.\u00a0 Plaukti ir divos izm\u0113ros un tos var likt daz\u0101dos veidos, veidojot interesantas kombin\u0101cijas.<\/p>\n","protected":false},"featured_media":158327,"template":"","meta":[],"product_cat":[129,142,143],"product_tag":[],"class_list":{"0":"post-158325","1":"product","2":"type-product","3":"status-publish","4":"has-post-thumbnail","6":"product_brand-mogg","7":"product_cat-mebeles","8":"product_cat-galdi","9":"product_cat-plaukti-un-skapji","11":"first","12":"instock","13":"shipping-taxable","14":"purchasable","15":"product-type-simple","16":"hongo-alternate-image-wrap"},"_links":{"self":[{"href":"https:\/\/4room.lv\/ru\/wp-json\/wp\/v2\/product\/158325","targetHints":{"allow":["GET"]}}],"collection":[{"href":"https:\/\/4room.lv\/ru\/wp-json\/wp\/v2\/product"}],"about":[{"href":"https:\/\/4room.lv\/ru\/wp-json\/wp\/v2\/types\/product"}],"wp:featuredmedia":[{"embeddable":true,"href":"https:\/\/4room.lv\/ru\/wp-json\/wp\/v2\/media\/158327"}],"wp:attachment":[{"href":"https:\/\/4room.lv\/ru\/wp-json\/wp\/v2\/media?parent=158325"}],"wp:term":[{"taxonomy":"product_cat","embeddable":true,"href":"https:\/\/4room.lv\/ru\/wp-json\/wp\/v2\/product_cat?post=158325"},{"taxonomy":"product_tag","embeddable":true,"href":"https:\/\/4room.lv\/ru\/wp-json\/wp\/v2\/product_tag?post=158325"}],"curies":[{"name":"wp","href":"https:\/\/api.w.org\/{rel}","templated":true}]}}