{"id":158359,"date":"2025-06-02T15:08:41","date_gmt":"2025-06-02T12:08:41","guid":{"rendered":"https:\/\/4room.lv\/?post_type=product&#038;p=158359"},"modified":"2025-06-02T15:08:41","modified_gmt":"2025-06-02T12:08:41","slug":"maoo-table-lamp","status":"publish","type":"product","link":"https:\/\/4room.lv\/ru\/veikals\/apgaismojums\/dekorativais\/maoo-table-lamp\/","title":{"rendered":"Maoo table lamp"},"content":{"rendered":"","protected":false},"excerpt":{"rendered":"<p>Ka\u0137is, \u0161\u0137iet, lec \u0101r\u0101 no sienas vai no galda un rota\u013c\u012bgi \u0137ircina peli ar \u0137ep\u0101m lampas iek\u0161pus\u0113. MAOO, kas sast\u0101v no diviem elementiem \u2013 ka\u0137a \u0137erme\u0146a, kas izgatavots no mat\u0113ti baltas keramikas un stikla kupola kur iek\u0161\u0101 slepjas peles \u0113na. Gaismeklis b\u016bs jauka naktslampi\u0146a vai dekors plaukt\u0101.<\/p>\n<p>MAOO pievienojas Karman Zoo \u2013 slavenajai keramikas lampu kolekcijai, ko dizain\u0113jis Matteo Ugolini un iedvesmojis dz\u012bvnieku pasaule. Maoo pieejams a\u0157\u012b meln\u0101 keramik\u0101 vai kr\u0101sain\u0101 vel\u016br\u0101, k\u0101 galda, t\u0101 sienas versij\u0101s. Vair\u0101k uzzin\u0101t var Karman m\u0101jaslap\u0101 vai jaut\u0101jot mums!<\/p>\n","protected":false},"featured_media":158366,"template":"","meta":[],"product_cat":[1058,127,147],"product_tag":[],"class_list":{"0":"post-158359","1":"product","2":"type-product","3":"status-publish","4":"has-post-thumbnail","6":"product_brand-karman","7":"product_cat-dizaina","8":"product_cat-apgaismojums","9":"product_cat-dekorativais","11":"first","12":"instock","13":"shipping-taxable","14":"purchasable","15":"product-type-simple","16":"hongo-alternate-image-wrap"},"_links":{"self":[{"href":"https:\/\/4room.lv\/ru\/wp-json\/wp\/v2\/product\/158359","targetHints":{"allow":["GET"]}}],"collection":[{"href":"https:\/\/4room.lv\/ru\/wp-json\/wp\/v2\/product"}],"about":[{"href":"https:\/\/4room.lv\/ru\/wp-json\/wp\/v2\/types\/product"}],"wp:featuredmedia":[{"embeddable":true,"href":"https:\/\/4room.lv\/ru\/wp-json\/wp\/v2\/media\/158366"}],"wp:attachment":[{"href":"https:\/\/4room.lv\/ru\/wp-json\/wp\/v2\/media?parent=158359"}],"wp:term":[{"taxonomy":"product_cat","embeddable":true,"href":"https:\/\/4room.lv\/ru\/wp-json\/wp\/v2\/product_cat?post=158359"},{"taxonomy":"product_tag","embeddable":true,"href":"https:\/\/4room.lv\/ru\/wp-json\/wp\/v2\/product_tag?post=158359"}],"curies":[{"name":"wp","href":"https:\/\/api.w.org\/{rel}","templated":true}]}}