{"id":158565,"date":"2025-06-03T16:32:17","date_gmt":"2025-06-03T13:32:17","guid":{"rendered":"https:\/\/4room.lv\/?post_type=product&#038;p=158565"},"modified":"2025-06-03T16:32:56","modified_gmt":"2025-06-03T13:32:56","slug":"una-table-coral","status":"publish","type":"product","link":"https:\/\/4room.lv\/ru\/veikals\/apgaismojums\/dekorativais\/una-table-coral\/","title":{"rendered":"UNA TABLE CORAL"},"content":{"rendered":"","protected":false},"excerpt":{"rendered":"<p>Galda lampa modern\u0101 arkas form\u0101 un maig\u0101 paste\u013cu kora\u013c\u013croz\u0101 kr\u0101s\u0101. Una m\u0101kslinieciski apvieno op\u0101l\u0101 stikla aba\u017e\u016bra sf\u0113risko formu ar modernu arkas formu k\u0101jai. Savienojum\u0101 ar interesanto kr\u0101su, radot dizainisku, unik\u0101lu un uzman\u012bbu piesaisto\u0161u papildin\u0101jumu interjeram.<\/p>\n","protected":false},"featured_media":158566,"template":"","meta":[],"product_cat":[127,147],"product_tag":[],"class_list":{"0":"post-158565","1":"product","2":"type-product","3":"status-publish","4":"has-post-thumbnail","6":"product_brand-aldex","7":"product_cat-apgaismojums","8":"product_cat-dekorativais","10":"first","11":"instock","12":"shipping-taxable","13":"purchasable","14":"product-type-simple","15":"hongo-alternate-image-wrap"},"_links":{"self":[{"href":"https:\/\/4room.lv\/ru\/wp-json\/wp\/v2\/product\/158565","targetHints":{"allow":["GET"]}}],"collection":[{"href":"https:\/\/4room.lv\/ru\/wp-json\/wp\/v2\/product"}],"about":[{"href":"https:\/\/4room.lv\/ru\/wp-json\/wp\/v2\/types\/product"}],"wp:featuredmedia":[{"embeddable":true,"href":"https:\/\/4room.lv\/ru\/wp-json\/wp\/v2\/media\/158566"}],"wp:attachment":[{"href":"https:\/\/4room.lv\/ru\/wp-json\/wp\/v2\/media?parent=158565"}],"wp:term":[{"taxonomy":"product_cat","embeddable":true,"href":"https:\/\/4room.lv\/ru\/wp-json\/wp\/v2\/product_cat?post=158565"},{"taxonomy":"product_tag","embeddable":true,"href":"https:\/\/4room.lv\/ru\/wp-json\/wp\/v2\/product_tag?post=158565"}],"curies":[{"name":"wp","href":"https:\/\/api.w.org\/{rel}","templated":true}]}}