{"id":158603,"date":"2025-06-03T17:42:56","date_gmt":"2025-06-03T14:42:56","guid":{"rendered":"https:\/\/4room.lv\/?post_type=product&#038;p=158603"},"modified":"2025-06-04T11:34:26","modified_gmt":"2025-06-04T08:34:26","slug":"mirror-leandro","status":"publish","type":"product","link":"https:\/\/4room.lv\/ru\/veikals\/interjeram\/spoguli\/mirror-leandro\/","title":{"rendered":"Mirror Leandro"},"content":{"rendered":"","protected":false},"excerpt":{"rendered":"<p>Neregul\u0101ras formas spogulis ar bag\u0101t\u012bgu, biezu met\u0101la r\u0101mi zelta ton\u012b. Spogulis noteikti izcelsies uz sienas un b\u016bs paman\u0101ms dizaina akcents jebkur\u0101 telp\u0101.<\/p>\n","protected":false},"featured_media":158607,"template":"","meta":[],"product_cat":[130,134],"product_tag":[],"class_list":{"0":"post-158603","1":"product","2":"type-product","3":"status-publish","4":"has-post-thumbnail","6":"product_brand-eichholtz","7":"product_cat-interjeram","8":"product_cat-spoguli","10":"first","11":"instock","12":"shipping-taxable","13":"purchasable","14":"product-type-simple","15":"hongo-alternate-image-wrap"},"_links":{"self":[{"href":"https:\/\/4room.lv\/ru\/wp-json\/wp\/v2\/product\/158603","targetHints":{"allow":["GET"]}}],"collection":[{"href":"https:\/\/4room.lv\/ru\/wp-json\/wp\/v2\/product"}],"about":[{"href":"https:\/\/4room.lv\/ru\/wp-json\/wp\/v2\/types\/product"}],"wp:featuredmedia":[{"embeddable":true,"href":"https:\/\/4room.lv\/ru\/wp-json\/wp\/v2\/media\/158607"}],"wp:attachment":[{"href":"https:\/\/4room.lv\/ru\/wp-json\/wp\/v2\/media?parent=158603"}],"wp:term":[{"taxonomy":"product_cat","embeddable":true,"href":"https:\/\/4room.lv\/ru\/wp-json\/wp\/v2\/product_cat?post=158603"},{"taxonomy":"product_tag","embeddable":true,"href":"https:\/\/4room.lv\/ru\/wp-json\/wp\/v2\/product_tag?post=158603"}],"curies":[{"name":"wp","href":"https:\/\/api.w.org\/{rel}","templated":true}]}}