{"id":158613,"date":"2025-06-03T17:49:58","date_gmt":"2025-06-03T14:49:58","guid":{"rendered":"https:\/\/4room.lv\/?post_type=product&#038;p=158613"},"modified":"2026-03-13T11:01:37","modified_gmt":"2026-03-13T09:01:37","slug":"arki-100-garden-light-black","status":"publish","type":"product","link":"https:\/\/4room.lv\/ru\/veikals\/apgaismojums\/ara\/arki-100-garden-light-black\/","title":{"rendered":"Arki 100 Garden light Black"},"content":{"rendered":"","protected":false},"excerpt":{"rendered":"<p>D\u0101\u0146u dizainera B\u00f8nnelycke MDD Arki s\u0113riju raksturo skaists kupola formas aba\u017e\u016brs un minim\u0101listiskas, t\u012bras l\u012bnijas, kas iedvesmotas no klasisk\u0101s arhitekta lampas. Arki skaisti l\u012bdzsvaro vienk\u0101r\u0161\u012bbu ar izsmalcin\u0101t\u012bbu, vienlaikus izstarojot perfektu apgaismojumu j\u016bsu ieejai, piebraucamajam ce\u013cam, terasei vai citai \u0101rtelpai.<\/p>\n<p>Gaismeklim nepeicie\u0161ama E27 spuldze, kuru variet izvel\u0113ties p\u0113c ieskatiem.<\/p>\n","protected":false},"featured_media":158614,"template":"","meta":[],"product_cat":[127,150],"product_tag":[],"class_list":{"0":"post-158613","1":"product","2":"type-product","3":"status-publish","4":"has-post-thumbnail","6":"product_brand-nordlux","7":"product_cat-apgaismojums","8":"product_cat-ara","10":"first","11":"instock","12":"shipping-taxable","13":"purchasable","14":"product-type-simple","15":"hongo-alternate-image-wrap"},"_links":{"self":[{"href":"https:\/\/4room.lv\/ru\/wp-json\/wp\/v2\/product\/158613","targetHints":{"allow":["GET"]}}],"collection":[{"href":"https:\/\/4room.lv\/ru\/wp-json\/wp\/v2\/product"}],"about":[{"href":"https:\/\/4room.lv\/ru\/wp-json\/wp\/v2\/types\/product"}],"wp:featuredmedia":[{"embeddable":true,"href":"https:\/\/4room.lv\/ru\/wp-json\/wp\/v2\/media\/158614"}],"wp:attachment":[{"href":"https:\/\/4room.lv\/ru\/wp-json\/wp\/v2\/media?parent=158613"}],"wp:term":[{"taxonomy":"product_cat","embeddable":true,"href":"https:\/\/4room.lv\/ru\/wp-json\/wp\/v2\/product_cat?post=158613"},{"taxonomy":"product_tag","embeddable":true,"href":"https:\/\/4room.lv\/ru\/wp-json\/wp\/v2\/product_tag?post=158613"}],"curies":[{"name":"wp","href":"https:\/\/api.w.org\/{rel}","templated":true}]}}